{"id":1876,"date":"2025-09-04T01:31:43","date_gmt":"2025-09-04T01:31:43","guid":{"rendered":"https:\/\/demo.cmd.cd\/?page_id=1876"},"modified":"2025-09-04T02:07:49","modified_gmt":"2025-09-04T02:07:49","slug":"mentions-legales","status":"publish","type":"page","link":"https:\/\/demo.cmd.cd\/en\/mentions-legales\/","title":{"rendered":"Mentions l\u00e9gales"},"content":{"rendered":"<div data-elementor-type=\"wp-page\" data-elementor-id=\"1876\" class=\"elementor elementor-1876\" data-elementor-post-type=\"page\">\n\t\t\t\t\t\t\t<div class=\"elementor-element elementor-element-ef1f199 e-flex e-con-boxed e-con e-parent\" data-id=\"ef1f199\" data-element_type=\"container\" data-settings=\"{&quot;content_width&quot;:&quot;boxed&quot;}\" data-core-v316-plus=\"true\">\n\t\t\t\t\t<div class=\"e-con-inner\">\n\t\t\t\t<div class=\"elementor-element elementor-element-e75ad3a elementor-widget elementor-widget-text-editor\" data-id=\"e75ad3a\" data-element_type=\"widget\" data-widget_type=\"text-editor.default\">\n\t\t\t\t<div class=\"elementor-widget-container\">\n\t\t\t<style>\/*! elementor - v3.18.0 - 20-12-2023 *\/\n.elementor-widget-text-editor.elementor-drop-cap-view-stacked .elementor-drop-cap{background-color:#69727d;color:#fff}.elementor-widget-text-editor.elementor-drop-cap-view-framed .elementor-drop-cap{color:#69727d;border:3px solid;background-color:transparent}.elementor-widget-text-editor:not(.elementor-drop-cap-view-default) .elementor-drop-cap{margin-top:8px}.elementor-widget-text-editor:not(.elementor-drop-cap-view-default) .elementor-drop-cap-letter{width:1em;height:1em}.elementor-widget-text-editor .elementor-drop-cap{float:left;text-align:center;line-height:1;font-size:50px}.elementor-widget-text-editor .elementor-drop-cap-letter{display:inline-block}<\/style>\t\t\t\t<p>Centre M\u00e9dical Diamant \u2013 Kinshasa <br \/>Derni\u00e8re mise \u00e0 jour : 31\/08\/2025\u00a0\u00a0<\/p>\n<p>Adresse du site : https:\/\/demo.cmd.cd<\/p>\n<p><strong>1. \u00c9diteur du site<\/strong> <br \/>Ce site est \u00e9dit\u00e9 par : <br \/>Centre M\u00e9dical Diamant <br \/>Adresse : 3642, Imm Future tower -Gombe &#8211; Kinshasa<br \/>T\u00e9l\u00e9phone : +243.907777780<br \/>Courriel : rdv.k@cmd.cd<\/p>\n<p>Directeur de publication : M. Rahim Tajdin<\/p>\n<p><strong>2. H\u00e9bergeur du site <\/strong><br \/>Le site est h\u00e9berg\u00e9 par : <br \/>[Nom de l\u2019h\u00e9bergeur] <br \/>Adresse : [adresse de l\u2019h\u00e9bergeur] <br \/>Email : [support technique] <br \/>T\u00e9l\u00e9phone : [num\u00e9ro]<\/p>\n<p><strong>3. Conception et d\u00e9veloppement<\/strong> <br \/>Webmaster : Nina Ekabani<br \/>Courriel : comm@cmd.cd<br \/>Technologie utilis\u00e9e : WordPress + Elementor<\/p>\n<p><strong>4. Propri\u00e9t\u00e9 intellectuelle<\/strong> <br \/>L\u2019ensemble du contenu du site (textes, images, vid\u00e9os, logos, etc.) est la propri\u00e9t\u00e9 exclusive du Centre M\u00e9dical Diamant. <br \/>Toute reproduction, totale ou partielle, sans autorisation pr\u00e9alable \u00e9crite est interdite.<\/p>\n<p><strong>5. Protection des donn\u00e9es personnelles<\/strong> <br \/>Les donn\u00e9es personnelles collect\u00e9es via le site (formulaires, espace patient, commandes) sont trait\u00e9es de mani\u00e8re confidentielle. <br \/>\u00a0Elles sont utilis\u00e9es uniquement dans le cadre m\u00e9dical et commercial du Centre M\u00e9dical Diamant. <br \/>Conform\u00e9ment aux lois applicables, tout utilisateur peut demander l\u2019acc\u00e8s, la modification ou la suppression de ses donn\u00e9es en \u00e9crivant \u00e0 : rdv.k@cmd.com<\/p>\n<p><strong>6. Responsabilit\u00e9<\/strong> <br \/>Le Centre M\u00e9dical Diamant met tout en \u0153uvre pour assurer l\u2019exactitude des informations diffus\u00e9es sur son site. <br \/>Cependant, il ne saurait \u00eatre tenu responsable des erreurs, omissions ou indisponibilit\u00e9s temporaires du service.<\/p>\n<p><strong>7. Cookies<\/strong> <br \/>Le site peut utiliser des cookies \u00e0 des fins de navigation et de statistiques. <br \/>L\u2019utilisateur peut configurer son navigateur pour refuser tout ou partie des cookies.<\/p>\n<p><!-- \/wp:paragraph --><\/p>\t\t\t\t\t\t<\/div>\n\t\t\t\t<\/div>\n\t\t\t\t\t<\/div>\n\t\t\t\t<\/div>\n\t\t\t\t\t\t\t<\/div>","protected":false},"excerpt":{"rendered":"<p>Centre M\u00e9dical Diamant \u2013 Kinshasa Derni\u00e8re mise \u00e0 jour : 31\/08\/2025\u00a0\u00a0 Adresse du site : https:\/\/demo.cmd.cd 1. \u00c9diteur du site Ce site est \u00e9dit\u00e9 par : Centre M\u00e9dical Diamant Adresse : 3642, Imm Future tower -Gombe &#8211; KinshasaT\u00e9l\u00e9phone : +243.907777780Courriel : rdv.k@cmd.cd Directeur de publication : M. Rahim Tajdin 2. H\u00e9bergeur du site Le site [&hellip;]<\/p>","protected":false},"author":2,"featured_media":0,"parent":0,"menu_order":0,"comment_status":"closed","ping_status":"closed","template":"","meta":{"_acf_changed":false,"footnotes":""},"class_list":["post-1876","page","type-page","status-publish","hentry"],"acf":[],"yoast_head":"<!-- This site is optimized with the Yoast SEO plugin v25.8 - https:\/\/yoast.com\/wordpress\/plugins\/seo\/ -->\n<title>Mentions l\u00e9gales - Centre M\u00e9dical Diamant<\/title>\n<meta name=\"robots\" content=\"index, follow, max-snippet:-1, max-image-preview:large, max-video-preview:-1\" \/>\n<link rel=\"canonical\" href=\"https:\/\/demo.cmd.cd\/en\/mentions-legales\/\" \/>\n<meta property=\"og:locale\" content=\"en_US\" \/>\n<meta property=\"og:type\" content=\"article\" \/>\n<meta property=\"og:title\" content=\"Mentions l\u00e9gales - Centre M\u00e9dical Diamant\" \/>\n<meta property=\"og:description\" content=\"Centre M\u00e9dical Diamant \u2013 Kinshasa Derni\u00e8re mise \u00e0 jour : 31\/08\/2025\u00a0\u00a0 Adresse du site : https:\/\/demo.cmd.cd 1. \u00c9diteur du site Ce site est \u00e9dit\u00e9 par : Centre M\u00e9dical Diamant Adresse : 3642, Imm Future tower -Gombe &#8211; KinshasaT\u00e9l\u00e9phone : +243.907777780Courriel : rdv.k@cmd.cd Directeur de publication : M. Rahim Tajdin 2. H\u00e9bergeur du site Le site [&hellip;]\" \/>\n<meta property=\"og:url\" content=\"https:\/\/demo.cmd.cd\/en\/mentions-legales\/\" \/>\n<meta property=\"og:site_name\" content=\"Centre M\u00e9dical Diamant\" \/>\n<meta property=\"article:modified_time\" content=\"2025-09-04T02:07:49+00:00\" \/>\n<meta name=\"twitter:card\" content=\"summary_large_image\" \/>\n<meta name=\"twitter:label1\" content=\"Est. reading time\" \/>\n\t<meta name=\"twitter:data1\" content=\"2 minutes\" \/>\n<script type=\"application\/ld+json\" class=\"yoast-schema-graph\">{\"@context\":\"https:\/\/schema.org\",\"@graph\":[{\"@type\":\"WebPage\",\"@id\":\"https:\/\/demo.cmd.cd\/mentions-legales\/\",\"url\":\"https:\/\/demo.cmd.cd\/mentions-legales\/\",\"name\":\"Mentions l\u00e9gales - Centre M\u00e9dical Diamant\",\"isPartOf\":{\"@id\":\"https:\/\/demo.cmd.cd\/#website\"},\"datePublished\":\"2025-09-04T01:31:43+00:00\",\"dateModified\":\"2025-09-04T02:07:49+00:00\",\"breadcrumb\":{\"@id\":\"https:\/\/demo.cmd.cd\/mentions-legales\/#breadcrumb\"},\"inLanguage\":\"en-US\",\"potentialAction\":[{\"@type\":\"ReadAction\",\"target\":[\"https:\/\/demo.cmd.cd\/mentions-legales\/\"]}]},{\"@type\":\"BreadcrumbList\",\"@id\":\"https:\/\/demo.cmd.cd\/mentions-legales\/#breadcrumb\",\"itemListElement\":[{\"@type\":\"ListItem\",\"position\":1,\"name\":\"Home\",\"item\":\"https:\/\/demo.cmd.cd\/\"},{\"@type\":\"ListItem\",\"position\":2,\"name\":\"Mentions l\u00e9gales\"}]},{\"@type\":\"WebSite\",\"@id\":\"https:\/\/demo.cmd.cd\/#website\",\"url\":\"https:\/\/demo.cmd.cd\/\",\"name\":\"Centre M\u00e9dical Diamant\",\"description\":\"Votre sant\u00e9 , notre priorit\u00e9\",\"publisher\":{\"@id\":\"https:\/\/demo.cmd.cd\/#organization\"},\"potentialAction\":[{\"@type\":\"SearchAction\",\"target\":{\"@type\":\"EntryPoint\",\"urlTemplate\":\"https:\/\/demo.cmd.cd\/?s={search_term_string}\"},\"query-input\":{\"@type\":\"PropertyValueSpecification\",\"valueRequired\":true,\"valueName\":\"search_term_string\"}}],\"inLanguage\":\"en-US\"},{\"@type\":\"Organization\",\"@id\":\"https:\/\/demo.cmd.cd\/#organization\",\"name\":\"Centre M\u00e9dical Diamant\",\"url\":\"https:\/\/demo.cmd.cd\/\",\"logo\":{\"@type\":\"ImageObject\",\"inLanguage\":\"en-US\",\"@id\":\"https:\/\/demo.cmd.cd\/#\/schema\/logo\/image\/\",\"url\":\"https:\/\/demo.cmd.cd\/wp-content\/uploads\/2024\/01\/logo-hight-CMD-scaled.jpg\",\"contentUrl\":\"https:\/\/demo.cmd.cd\/wp-content\/uploads\/2024\/01\/logo-hight-CMD-scaled.jpg\",\"width\":2560,\"height\":1811,\"caption\":\"Centre M\u00e9dical Diamant\"},\"image\":{\"@id\":\"https:\/\/demo.cmd.cd\/#\/schema\/logo\/image\/\"}}]}<\/script>\n<!-- \/ Yoast SEO plugin. -->","yoast_head_json":{"title":"Mentions l\u00e9gales - Centre M\u00e9dical Diamant","robots":{"index":"index","follow":"follow","max-snippet":"max-snippet:-1","max-image-preview":"max-image-preview:large","max-video-preview":"max-video-preview:-1"},"canonical":"https:\/\/demo.cmd.cd\/en\/mentions-legales\/","og_locale":"en_US","og_type":"article","og_title":"Mentions l\u00e9gales - Centre M\u00e9dical Diamant","og_description":"Centre M\u00e9dical Diamant \u2013 Kinshasa Derni\u00e8re mise \u00e0 jour : 31\/08\/2025\u00a0\u00a0 Adresse du site : https:\/\/demo.cmd.cd 1. \u00c9diteur du site Ce site est \u00e9dit\u00e9 par : Centre M\u00e9dical Diamant Adresse : 3642, Imm Future tower -Gombe &#8211; KinshasaT\u00e9l\u00e9phone : +243.907777780Courriel : rdv.k@cmd.cd Directeur de publication : M. Rahim Tajdin 2. H\u00e9bergeur du site Le site [&hellip;]","og_url":"https:\/\/demo.cmd.cd\/en\/mentions-legales\/","og_site_name":"Centre M\u00e9dical Diamant","article_modified_time":"2025-09-04T02:07:49+00:00","twitter_card":"summary_large_image","twitter_misc":{"Est. reading time":"2 minutes"},"schema":{"@context":"https:\/\/schema.org","@graph":[{"@type":"WebPage","@id":"https:\/\/demo.cmd.cd\/mentions-legales\/","url":"https:\/\/demo.cmd.cd\/mentions-legales\/","name":"Mentions l\u00e9gales - Centre M\u00e9dical Diamant","isPartOf":{"@id":"https:\/\/demo.cmd.cd\/#website"},"datePublished":"2025-09-04T01:31:43+00:00","dateModified":"2025-09-04T02:07:49+00:00","breadcrumb":{"@id":"https:\/\/demo.cmd.cd\/mentions-legales\/#breadcrumb"},"inLanguage":"en-US","potentialAction":[{"@type":"ReadAction","target":["https:\/\/demo.cmd.cd\/mentions-legales\/"]}]},{"@type":"BreadcrumbList","@id":"https:\/\/demo.cmd.cd\/mentions-legales\/#breadcrumb","itemListElement":[{"@type":"ListItem","position":1,"name":"Home","item":"https:\/\/demo.cmd.cd\/"},{"@type":"ListItem","position":2,"name":"Mentions l\u00e9gales"}]},{"@type":"WebSite","@id":"https:\/\/demo.cmd.cd\/#website","url":"https:\/\/demo.cmd.cd\/","name":"Centre M\u00e9dical Diamant","description":"Votre sant\u00e9 , notre priorit\u00e9","publisher":{"@id":"https:\/\/demo.cmd.cd\/#organization"},"potentialAction":[{"@type":"SearchAction","target":{"@type":"EntryPoint","urlTemplate":"https:\/\/demo.cmd.cd\/?s={search_term_string}"},"query-input":{"@type":"PropertyValueSpecification","valueRequired":true,"valueName":"search_term_string"}}],"inLanguage":"en-US"},{"@type":"Organization","@id":"https:\/\/demo.cmd.cd\/#organization","name":"Centre M\u00e9dical Diamant","url":"https:\/\/demo.cmd.cd\/","logo":{"@type":"ImageObject","inLanguage":"en-US","@id":"https:\/\/demo.cmd.cd\/#\/schema\/logo\/image\/","url":"https:\/\/demo.cmd.cd\/wp-content\/uploads\/2024\/01\/logo-hight-CMD-scaled.jpg","contentUrl":"https:\/\/demo.cmd.cd\/wp-content\/uploads\/2024\/01\/logo-hight-CMD-scaled.jpg","width":2560,"height":1811,"caption":"Centre M\u00e9dical Diamant"},"image":{"@id":"https:\/\/demo.cmd.cd\/#\/schema\/logo\/image\/"}}]}},"_links":{"self":[{"href":"https:\/\/demo.cmd.cd\/en\/wp-json\/wp\/v2\/pages\/1876","targetHints":{"allow":["GET"]}}],"collection":[{"href":"https:\/\/demo.cmd.cd\/en\/wp-json\/wp\/v2\/pages"}],"about":[{"href":"https:\/\/demo.cmd.cd\/en\/wp-json\/wp\/v2\/types\/page"}],"author":[{"embeddable":true,"href":"https:\/\/demo.cmd.cd\/en\/wp-json\/wp\/v2\/users\/2"}],"replies":[{"embeddable":true,"href":"https:\/\/demo.cmd.cd\/en\/wp-json\/wp\/v2\/comments?post=1876"}],"version-history":[{"count":13,"href":"https:\/\/demo.cmd.cd\/en\/wp-json\/wp\/v2\/pages\/1876\/revisions"}],"predecessor-version":[{"id":1900,"href":"https:\/\/demo.cmd.cd\/en\/wp-json\/wp\/v2\/pages\/1876\/revisions\/1900"}],"wp:attachment":[{"href":"https:\/\/demo.cmd.cd\/en\/wp-json\/wp\/v2\/media?parent=1876"}],"curies":[{"name":"wp","href":"https:\/\/api.w.org\/{rel}","templated":true}]}}