{"id":668,"date":"2024-06-14T16:02:05","date_gmt":"2024-06-14T16:02:05","guid":{"rendered":"https:\/\/demo.cmd.cd\/?page_id=668"},"modified":"2024-06-14T16:03:53","modified_gmt":"2024-06-14T16:03:53","slug":"urgence","status":"publish","type":"page","link":"https:\/\/demo.cmd.cd\/en\/nos-services\/urgence\/","title":{"rendered":"Emergency"},"content":{"rendered":"<div data-elementor-type=\"wp-page\" data-elementor-id=\"668\" class=\"elementor elementor-668\" data-elementor-post-type=\"page\">\n\t\t\t\t\t\t\t<div class=\"elementor-element elementor-element-668626d e-flex e-con-boxed e-con e-parent\" data-id=\"668626d\" data-element_type=\"container\" data-settings=\"{&quot;content_width&quot;:&quot;boxed&quot;}\" data-core-v316-plus=\"true\">\n\t\t\t\t\t<div class=\"e-con-inner\">\n\t\t\t\t<div class=\"elementor-element elementor-element-78aaef7 elementor-widget__width-inherit elementor-widget elementor-widget-theme-post-featured-image elementor-widget-image\" data-id=\"78aaef7\" data-element_type=\"widget\" data-widget_type=\"theme-post-featured-image.default\">\n\t\t\t\t<div class=\"elementor-widget-container\">\n\t\t\t<style>\/*! elementor - v3.18.0 - 20-12-2023 *\/\n.elementor-widget-image{text-align:center}.elementor-widget-image a{display:inline-block}.elementor-widget-image a img[src$=\".svg\"]{width:48px}.elementor-widget-image img{vertical-align:middle;display:inline-block}<\/style>\t\t\t\t\t\t\t\t\t\t\t\t<img fetchpriority=\"high\" decoding=\"async\" width=\"800\" height=\"267\" src=\"https:\/\/demo.cmd.cd\/wp-content\/uploads\/2024\/06\/gyno-bg-1024x342.jpg\" class=\"attachment-large size-large wp-image-287\" alt=\"\" srcset=\"https:\/\/demo.cmd.cd\/wp-content\/uploads\/2024\/06\/gyno-bg-1024x342.jpg 1024w, https:\/\/demo.cmd.cd\/wp-content\/uploads\/2024\/06\/gyno-bg-300x100.jpg 300w, https:\/\/demo.cmd.cd\/wp-content\/uploads\/2024\/06\/gyno-bg-768x256.jpg 768w, https:\/\/demo.cmd.cd\/wp-content\/uploads\/2024\/06\/gyno-bg-18x6.jpg 18w, https:\/\/demo.cmd.cd\/wp-content\/uploads\/2024\/06\/gyno-bg.jpg 1349w\" sizes=\"(max-width: 800px) 100vw, 800px\" \/>\t\t\t\t\t\t\t\t\t\t\t\t\t\t\t<\/div>\n\t\t\t\t<\/div>\n\t\t\t\t<div class=\"elementor-element elementor-element-fa3457d elementor-widget elementor-widget-heading\" data-id=\"fa3457d\" data-element_type=\"widget\" data-widget_type=\"heading.default\">\n\t\t\t\t<div class=\"elementor-widget-container\">\n\t\t\t<style>\/*! elementor - v3.18.0 - 20-12-2023 *\/\n.elementor-heading-title{padding:0;margin:0;line-height:1}.elementor-widget-heading .elementor-heading-title[class*=elementor-size-]>a{color:inherit;font-size:inherit;line-height:inherit}.elementor-widget-heading .elementor-heading-title.elementor-size-small{font-size:15px}.elementor-widget-heading .elementor-heading-title.elementor-size-medium{font-size:19px}.elementor-widget-heading .elementor-heading-title.elementor-size-large{font-size:29px}.elementor-widget-heading .elementor-heading-title.elementor-size-xl{font-size:39px}.elementor-widget-heading .elementor-heading-title.elementor-size-xxl{font-size:59px}<\/style><h1 class=\"elementor-heading-title elementor-size-default\">Les urgences<\/h1>\t\t<\/div>\n\t\t\t\t<\/div>\n\t\t\t\t\t<\/div>\n\t\t\t\t<\/div>\n\t\t<div class=\"elementor-element elementor-element-d1abbde e-flex e-con-boxed e-con e-parent\" data-id=\"d1abbde\" data-element_type=\"container\" data-settings=\"{&quot;content_width&quot;:&quot;boxed&quot;}\" data-core-v316-plus=\"true\">\n\t\t\t\t\t<div class=\"e-con-inner\">\n\t\t<div class=\"elementor-element elementor-element-5d26f05 e-con-full e-flex elementor-invisible e-con e-child\" data-id=\"5d26f05\" data-element_type=\"container\" data-settings=\"{&quot;content_width&quot;:&quot;full&quot;,&quot;animation&quot;:&quot;fadeIn&quot;}\">\n\t\t<div class=\"elementor-element elementor-element-30c3d99 e-con-full e-flex e-con e-child\" data-id=\"30c3d99\" data-element_type=\"container\" data-settings=\"{&quot;content_width&quot;:&quot;full&quot;}\">\n\t\t\t\t<div class=\"elementor-element elementor-element-3e2e03b elementor-widget elementor-widget-heading\" data-id=\"3e2e03b\" data-element_type=\"widget\" data-widget_type=\"heading.default\">\n\t\t\t\t<div class=\"elementor-widget-container\">\n\t\t\t<h2 class=\"elementor-heading-title elementor-size-default\">Saviez-vous qu'il existe un sch\u00e9ma de prise en charge des urgences vitales au CMD ?<\/h2>\t\t<\/div>\n\t\t\t\t<\/div>\n\t\t\t\t<div class=\"elementor-element elementor-element-1eef2d9 elementor-widget elementor-widget-text-editor\" data-id=\"1eef2d9\" data-element_type=\"widget\" data-widget_type=\"text-editor.default\">\n\t\t\t\t<div class=\"elementor-widget-container\">\n\t\t\t<style>\/*! elementor - v3.18.0 - 20-12-2023 *\/\n.elementor-widget-text-editor.elementor-drop-cap-view-stacked .elementor-drop-cap{background-color:#69727d;color:#fff}.elementor-widget-text-editor.elementor-drop-cap-view-framed .elementor-drop-cap{color:#69727d;border:3px solid;background-color:transparent}.elementor-widget-text-editor:not(.elementor-drop-cap-view-default) .elementor-drop-cap{margin-top:8px}.elementor-widget-text-editor:not(.elementor-drop-cap-view-default) .elementor-drop-cap-letter{width:1em;height:1em}.elementor-widget-text-editor .elementor-drop-cap{float:left;text-align:center;line-height:1;font-size:50px}.elementor-widget-text-editor .elementor-drop-cap-letter{display:inline-block}<\/style>\t\t\t\t<ul><li><strong>\u00c9tape 1<\/strong>: D\u00e9choquage<\/li><li><strong>\u00c9tape 2<\/strong>: Stabilisation<\/li><li><strong>\u00c9tape 3<\/strong>: ICU suivi d&rsquo;un rendez-vous familial de mise \u00e0 jour avec le chef de service dans les 48h qui suivent<\/li><li><strong>\u00c9tape 4<\/strong>: Hospitalisation<\/li><\/ul><p>\u00a0<\/p><p>Une \u00e9quipe multidisciplinaire compos\u00e9e de m\u00e9decins, infirmiers urgentistes, et de r\u00e9animateurs est disponible pour prendre en charge vos urgences, 24 heures sur 24, 7 jours sur 7.<\/p>\t\t\t\t\t\t<\/div>\n\t\t\t\t<\/div>\n\t\t\t\t<\/div>\n\t\t<div class=\"elementor-element elementor-element-5a5d674 e-con-full e-flex e-con e-child\" data-id=\"5a5d674\" data-element_type=\"container\" data-settings=\"{&quot;content_width&quot;:&quot;full&quot;}\">\n\t\t\t\t<div class=\"elementor-element elementor-element-d7174b2 elementor-widget elementor-widget-image\" data-id=\"d7174b2\" data-element_type=\"widget\" data-widget_type=\"image.default\">\n\t\t\t\t<div class=\"elementor-widget-container\">\n\t\t\t\t\t\t\t\t\t\t\t\t\t\t\t<img decoding=\"async\" width=\"640\" height=\"420\" src=\"https:\/\/demo.cmd.cd\/wp-content\/uploads\/2024\/06\/gyno-1.jpg\" class=\"attachment-large size-large wp-image-272\" alt=\"\" srcset=\"https:\/\/demo.cmd.cd\/wp-content\/uploads\/2024\/06\/gyno-1.jpg 640w, https:\/\/demo.cmd.cd\/wp-content\/uploads\/2024\/06\/gyno-1-300x197.jpg 300w, https:\/\/demo.cmd.cd\/wp-content\/uploads\/2024\/06\/gyno-1-18x12.jpg 18w\" sizes=\"(max-width: 640px) 100vw, 640px\" \/>\t\t\t\t\t\t\t\t\t\t\t\t\t\t\t<\/div>\n\t\t\t\t<\/div>\n\t\t\t\t<\/div>\n\t\t\t\t<\/div>\n\t\t\t\t\t<\/div>\n\t\t\t\t<\/div>\n\t\t\t\t\t\t\t<\/div>","protected":false},"excerpt":{"rendered":"<p>Les urgences Saviez-vous qu&rsquo;il existe un sch\u00e9ma de prise en charge des urgences vitales au CMD ? \u00c9tape 1: D\u00e9choquage \u00c9tape 2: Stabilisation \u00c9tape 3: ICU suivi d&rsquo;un rendez-vous familial de mise \u00e0 jour avec le chef de service dans les 48h qui suivent \u00c9tape 4: Hospitalisation \u00a0 Une \u00e9quipe multidisciplinaire compos\u00e9e de m\u00e9decins, infirmiers [&hellip;]<\/p>","protected":false},"author":1,"featured_media":287,"parent":20,"menu_order":0,"comment_status":"closed","ping_status":"closed","template":"","meta":{"_acf_changed":false,"footnotes":""},"class_list":["post-668","page","type-page","status-publish","has-post-thumbnail","hentry"],"acf":[],"yoast_head":"<!-- This site is optimized with the Yoast SEO plugin v25.8 - https:\/\/yoast.com\/wordpress\/plugins\/seo\/ -->\n<title>Urgence - Centre M\u00e9dical Diamant<\/title>\n<meta name=\"robots\" content=\"index, follow, max-snippet:-1, max-image-preview:large, max-video-preview:-1\" \/>\n<link rel=\"canonical\" href=\"https:\/\/demo.cmd.cd\/en\/nos-services\/urgence\/\" \/>\n<meta property=\"og:locale\" content=\"en_US\" \/>\n<meta property=\"og:type\" content=\"article\" \/>\n<meta property=\"og:title\" content=\"Urgence - Centre M\u00e9dical Diamant\" \/>\n<meta property=\"og:description\" content=\"Les urgences Saviez-vous qu&rsquo;il existe un sch\u00e9ma de prise en charge des urgences vitales au CMD ? \u00c9tape 1: D\u00e9choquage \u00c9tape 2: Stabilisation \u00c9tape 3: ICU suivi d&rsquo;un rendez-vous familial de mise \u00e0 jour avec le chef de service dans les 48h qui suivent \u00c9tape 4: Hospitalisation \u00a0 Une \u00e9quipe multidisciplinaire compos\u00e9e de m\u00e9decins, infirmiers [&hellip;]\" \/>\n<meta property=\"og:url\" content=\"https:\/\/demo.cmd.cd\/en\/nos-services\/urgence\/\" \/>\n<meta property=\"og:site_name\" content=\"Centre M\u00e9dical Diamant\" \/>\n<meta property=\"article:modified_time\" content=\"2024-06-14T16:03:53+00:00\" \/>\n<meta property=\"og:image\" content=\"https:\/\/demo.cmd.cd\/wp-content\/uploads\/2024\/06\/gyno-bg.jpg\" \/>\n\t<meta property=\"og:image:width\" content=\"1349\" \/>\n\t<meta property=\"og:image:height\" content=\"450\" \/>\n\t<meta property=\"og:image:type\" content=\"image\/jpeg\" \/>\n<meta name=\"twitter:card\" content=\"summary_large_image\" \/>\n<meta name=\"twitter:label1\" content=\"Est. reading time\" \/>\n\t<meta name=\"twitter:data1\" content=\"1 minute\" \/>\n<script type=\"application\/ld+json\" class=\"yoast-schema-graph\">{\"@context\":\"https:\/\/schema.org\",\"@graph\":[{\"@type\":\"WebPage\",\"@id\":\"https:\/\/demo.cmd.cd\/nos-services\/urgence\/\",\"url\":\"https:\/\/demo.cmd.cd\/nos-services\/urgence\/\",\"name\":\"Urgence - Centre M\u00e9dical Diamant\",\"isPartOf\":{\"@id\":\"https:\/\/demo.cmd.cd\/#website\"},\"primaryImageOfPage\":{\"@id\":\"https:\/\/demo.cmd.cd\/nos-services\/urgence\/#primaryimage\"},\"image\":{\"@id\":\"https:\/\/demo.cmd.cd\/nos-services\/urgence\/#primaryimage\"},\"thumbnailUrl\":\"https:\/\/demo.cmd.cd\/wp-content\/uploads\/2024\/06\/gyno-bg.jpg\",\"datePublished\":\"2024-06-14T16:02:05+00:00\",\"dateModified\":\"2024-06-14T16:03:53+00:00\",\"breadcrumb\":{\"@id\":\"https:\/\/demo.cmd.cd\/nos-services\/urgence\/#breadcrumb\"},\"inLanguage\":\"en-US\",\"potentialAction\":[{\"@type\":\"ReadAction\",\"target\":[\"https:\/\/demo.cmd.cd\/nos-services\/urgence\/\"]}]},{\"@type\":\"ImageObject\",\"inLanguage\":\"en-US\",\"@id\":\"https:\/\/demo.cmd.cd\/nos-services\/urgence\/#primaryimage\",\"url\":\"https:\/\/demo.cmd.cd\/wp-content\/uploads\/2024\/06\/gyno-bg.jpg\",\"contentUrl\":\"https:\/\/demo.cmd.cd\/wp-content\/uploads\/2024\/06\/gyno-bg.jpg\",\"width\":1349,\"height\":450},{\"@type\":\"BreadcrumbList\",\"@id\":\"https:\/\/demo.cmd.cd\/nos-services\/urgence\/#breadcrumb\",\"itemListElement\":[{\"@type\":\"ListItem\",\"position\":1,\"name\":\"Home\",\"item\":\"https:\/\/demo.cmd.cd\/\"},{\"@type\":\"ListItem\",\"position\":2,\"name\":\"Nos services\",\"item\":\"https:\/\/demo.cmd.cd\/nos-services\/\"},{\"@type\":\"ListItem\",\"position\":3,\"name\":\"Urgence\"}]},{\"@type\":\"WebSite\",\"@id\":\"https:\/\/demo.cmd.cd\/#website\",\"url\":\"https:\/\/demo.cmd.cd\/\",\"name\":\"Centre M\u00e9dical Diamant\",\"description\":\"Votre sant\u00e9 , notre priorit\u00e9\",\"publisher\":{\"@id\":\"https:\/\/demo.cmd.cd\/#organization\"},\"potentialAction\":[{\"@type\":\"SearchAction\",\"target\":{\"@type\":\"EntryPoint\",\"urlTemplate\":\"https:\/\/demo.cmd.cd\/?s={search_term_string}\"},\"query-input\":{\"@type\":\"PropertyValueSpecification\",\"valueRequired\":true,\"valueName\":\"search_term_string\"}}],\"inLanguage\":\"en-US\"},{\"@type\":\"Organization\",\"@id\":\"https:\/\/demo.cmd.cd\/#organization\",\"name\":\"Centre M\u00e9dical Diamant\",\"url\":\"https:\/\/demo.cmd.cd\/\",\"logo\":{\"@type\":\"ImageObject\",\"inLanguage\":\"en-US\",\"@id\":\"https:\/\/demo.cmd.cd\/#\/schema\/logo\/image\/\",\"url\":\"https:\/\/demo.cmd.cd\/wp-content\/uploads\/2024\/01\/logo-hight-CMD-scaled.jpg\",\"contentUrl\":\"https:\/\/demo.cmd.cd\/wp-content\/uploads\/2024\/01\/logo-hight-CMD-scaled.jpg\",\"width\":2560,\"height\":1811,\"caption\":\"Centre M\u00e9dical Diamant\"},\"image\":{\"@id\":\"https:\/\/demo.cmd.cd\/#\/schema\/logo\/image\/\"}}]}<\/script>\n<!-- \/ Yoast SEO plugin. -->","yoast_head_json":{"title":"Urgence - Centre M\u00e9dical Diamant","robots":{"index":"index","follow":"follow","max-snippet":"max-snippet:-1","max-image-preview":"max-image-preview:large","max-video-preview":"max-video-preview:-1"},"canonical":"https:\/\/demo.cmd.cd\/en\/nos-services\/urgence\/","og_locale":"en_US","og_type":"article","og_title":"Urgence - Centre M\u00e9dical Diamant","og_description":"Les urgences Saviez-vous qu&rsquo;il existe un sch\u00e9ma de prise en charge des urgences vitales au CMD ? \u00c9tape 1: D\u00e9choquage \u00c9tape 2: Stabilisation \u00c9tape 3: ICU suivi d&rsquo;un rendez-vous familial de mise \u00e0 jour avec le chef de service dans les 48h qui suivent \u00c9tape 4: Hospitalisation \u00a0 Une \u00e9quipe multidisciplinaire compos\u00e9e de m\u00e9decins, infirmiers [&hellip;]","og_url":"https:\/\/demo.cmd.cd\/en\/nos-services\/urgence\/","og_site_name":"Centre M\u00e9dical Diamant","article_modified_time":"2024-06-14T16:03:53+00:00","og_image":[{"width":1349,"height":450,"url":"https:\/\/demo.cmd.cd\/wp-content\/uploads\/2024\/06\/gyno-bg.jpg","type":"image\/jpeg"}],"twitter_card":"summary_large_image","twitter_misc":{"Est. reading time":"1 minute"},"schema":{"@context":"https:\/\/schema.org","@graph":[{"@type":"WebPage","@id":"https:\/\/demo.cmd.cd\/nos-services\/urgence\/","url":"https:\/\/demo.cmd.cd\/nos-services\/urgence\/","name":"Urgence - Centre M\u00e9dical Diamant","isPartOf":{"@id":"https:\/\/demo.cmd.cd\/#website"},"primaryImageOfPage":{"@id":"https:\/\/demo.cmd.cd\/nos-services\/urgence\/#primaryimage"},"image":{"@id":"https:\/\/demo.cmd.cd\/nos-services\/urgence\/#primaryimage"},"thumbnailUrl":"https:\/\/demo.cmd.cd\/wp-content\/uploads\/2024\/06\/gyno-bg.jpg","datePublished":"2024-06-14T16:02:05+00:00","dateModified":"2024-06-14T16:03:53+00:00","breadcrumb":{"@id":"https:\/\/demo.cmd.cd\/nos-services\/urgence\/#breadcrumb"},"inLanguage":"en-US","potentialAction":[{"@type":"ReadAction","target":["https:\/\/demo.cmd.cd\/nos-services\/urgence\/"]}]},{"@type":"ImageObject","inLanguage":"en-US","@id":"https:\/\/demo.cmd.cd\/nos-services\/urgence\/#primaryimage","url":"https:\/\/demo.cmd.cd\/wp-content\/uploads\/2024\/06\/gyno-bg.jpg","contentUrl":"https:\/\/demo.cmd.cd\/wp-content\/uploads\/2024\/06\/gyno-bg.jpg","width":1349,"height":450},{"@type":"BreadcrumbList","@id":"https:\/\/demo.cmd.cd\/nos-services\/urgence\/#breadcrumb","itemListElement":[{"@type":"ListItem","position":1,"name":"Home","item":"https:\/\/demo.cmd.cd\/"},{"@type":"ListItem","position":2,"name":"Nos services","item":"https:\/\/demo.cmd.cd\/nos-services\/"},{"@type":"ListItem","position":3,"name":"Urgence"}]},{"@type":"WebSite","@id":"https:\/\/demo.cmd.cd\/#website","url":"https:\/\/demo.cmd.cd\/","name":"Centre M\u00e9dical Diamant","description":"Votre sant\u00e9 , notre priorit\u00e9","publisher":{"@id":"https:\/\/demo.cmd.cd\/#organization"},"potentialAction":[{"@type":"SearchAction","target":{"@type":"EntryPoint","urlTemplate":"https:\/\/demo.cmd.cd\/?s={search_term_string}"},"query-input":{"@type":"PropertyValueSpecification","valueRequired":true,"valueName":"search_term_string"}}],"inLanguage":"en-US"},{"@type":"Organization","@id":"https:\/\/demo.cmd.cd\/#organization","name":"Centre M\u00e9dical Diamant","url":"https:\/\/demo.cmd.cd\/","logo":{"@type":"ImageObject","inLanguage":"en-US","@id":"https:\/\/demo.cmd.cd\/#\/schema\/logo\/image\/","url":"https:\/\/demo.cmd.cd\/wp-content\/uploads\/2024\/01\/logo-hight-CMD-scaled.jpg","contentUrl":"https:\/\/demo.cmd.cd\/wp-content\/uploads\/2024\/01\/logo-hight-CMD-scaled.jpg","width":2560,"height":1811,"caption":"Centre M\u00e9dical Diamant"},"image":{"@id":"https:\/\/demo.cmd.cd\/#\/schema\/logo\/image\/"}}]}},"_links":{"self":[{"href":"https:\/\/demo.cmd.cd\/en\/wp-json\/wp\/v2\/pages\/668","targetHints":{"allow":["GET"]}}],"collection":[{"href":"https:\/\/demo.cmd.cd\/en\/wp-json\/wp\/v2\/pages"}],"about":[{"href":"https:\/\/demo.cmd.cd\/en\/wp-json\/wp\/v2\/types\/page"}],"author":[{"embeddable":true,"href":"https:\/\/demo.cmd.cd\/en\/wp-json\/wp\/v2\/users\/1"}],"replies":[{"embeddable":true,"href":"https:\/\/demo.cmd.cd\/en\/wp-json\/wp\/v2\/comments?post=668"}],"version-history":[{"count":4,"href":"https:\/\/demo.cmd.cd\/en\/wp-json\/wp\/v2\/pages\/668\/revisions"}],"predecessor-version":[{"id":672,"href":"https:\/\/demo.cmd.cd\/en\/wp-json\/wp\/v2\/pages\/668\/revisions\/672"}],"up":[{"embeddable":true,"href":"https:\/\/demo.cmd.cd\/en\/wp-json\/wp\/v2\/pages\/20"}],"wp:featuredmedia":[{"embeddable":true,"href":"https:\/\/demo.cmd.cd\/en\/wp-json\/wp\/v2\/media\/287"}],"wp:attachment":[{"href":"https:\/\/demo.cmd.cd\/en\/wp-json\/wp\/v2\/media?parent=668"}],"curies":[{"name":"wp","href":"https:\/\/api.w.org\/{rel}","templated":true}]}}