{"id":734,"date":"2024-09-16T11:02:57","date_gmt":"2024-09-16T11:02:57","guid":{"rendered":"https:\/\/demo.cmd.cd\/?page_id=734"},"modified":"2024-09-16T11:05:27","modified_gmt":"2024-09-16T11:05:27","slug":"services-de-laboratoire-et-dimagerie-24h-24h","status":"publish","type":"page","link":"https:\/\/demo.cmd.cd\/en\/nos-services\/services-de-laboratoire-et-dimagerie-24h-24h\/","title":{"rendered":"Services de laboratoire et d&rsquo;imagerie 24h\/24h"},"content":{"rendered":"<div data-elementor-type=\"wp-page\" data-elementor-id=\"734\" class=\"elementor elementor-734\" data-elementor-post-type=\"page\">\n\t\t\t\t\t\t\t<div class=\"elementor-element elementor-element-668626d e-flex e-con-boxed e-con e-parent\" data-id=\"668626d\" data-element_type=\"container\" data-settings=\"{&quot;content_width&quot;:&quot;boxed&quot;}\" data-core-v316-plus=\"true\">\n\t\t\t\t\t<div class=\"e-con-inner\">\n\t\t\t\t<div class=\"elementor-element elementor-element-78aaef7 elementor-widget__width-inherit elementor-widget elementor-widget-theme-post-featured-image elementor-widget-image\" data-id=\"78aaef7\" data-element_type=\"widget\" data-widget_type=\"theme-post-featured-image.default\">\n\t\t\t\t<div class=\"elementor-widget-container\">\n\t\t\t<style>\/*! elementor - v3.18.0 - 20-12-2023 *\/\n.elementor-widget-image{text-align:center}.elementor-widget-image a{display:inline-block}.elementor-widget-image a img[src$=\".svg\"]{width:48px}.elementor-widget-image img{vertical-align:middle;display:inline-block}<\/style>\t\t\t\t\t\t\t\t\t\t\t\t<img fetchpriority=\"high\" decoding=\"async\" width=\"800\" height=\"267\" src=\"https:\/\/demo.cmd.cd\/wp-content\/uploads\/2024\/06\/cardiology-bg-1024x342.jpg\" class=\"attachment-large size-large wp-image-302\" alt=\"\" srcset=\"https:\/\/demo.cmd.cd\/wp-content\/uploads\/2024\/06\/cardiology-bg-1024x342.jpg 1024w, https:\/\/demo.cmd.cd\/wp-content\/uploads\/2024\/06\/cardiology-bg-300x100.jpg 300w, https:\/\/demo.cmd.cd\/wp-content\/uploads\/2024\/06\/cardiology-bg-768x256.jpg 768w, https:\/\/demo.cmd.cd\/wp-content\/uploads\/2024\/06\/cardiology-bg-18x6.jpg 18w, https:\/\/demo.cmd.cd\/wp-content\/uploads\/2024\/06\/cardiology-bg.jpg 1349w\" sizes=\"(max-width: 800px) 100vw, 800px\" \/>\t\t\t\t\t\t\t\t\t\t\t\t\t\t\t<\/div>\n\t\t\t\t<\/div>\n\t\t\t\t<div class=\"elementor-element elementor-element-fa3457d elementor-widget elementor-widget-heading\" data-id=\"fa3457d\" data-element_type=\"widget\" data-widget_type=\"heading.default\">\n\t\t\t\t<div class=\"elementor-widget-container\">\n\t\t\t<style>\/*! elementor - v3.18.0 - 20-12-2023 *\/\n.elementor-heading-title{padding:0;margin:0;line-height:1}.elementor-widget-heading .elementor-heading-title[class*=elementor-size-]>a{color:inherit;font-size:inherit;line-height:inherit}.elementor-widget-heading .elementor-heading-title.elementor-size-small{font-size:15px}.elementor-widget-heading .elementor-heading-title.elementor-size-medium{font-size:19px}.elementor-widget-heading .elementor-heading-title.elementor-size-large{font-size:29px}.elementor-widget-heading .elementor-heading-title.elementor-size-xl{font-size:39px}.elementor-widget-heading .elementor-heading-title.elementor-size-xxl{font-size:59px}<\/style><h1 class=\"elementor-heading-title elementor-size-default\">Services de laboratoire et d'imagerie 24h\/24h<\/h1>\t\t<\/div>\n\t\t\t\t<\/div>\n\t\t\t\t\t<\/div>\n\t\t\t\t<\/div>\n\t\t<div class=\"elementor-element elementor-element-d1abbde e-flex e-con-boxed e-con e-parent\" data-id=\"d1abbde\" data-element_type=\"container\" data-settings=\"{&quot;content_width&quot;:&quot;boxed&quot;}\" data-core-v316-plus=\"true\">\n\t\t\t\t\t<div class=\"e-con-inner\">\n\t\t<div class=\"elementor-element elementor-element-5d26f05 e-con-full e-flex e-con e-child\" data-id=\"5d26f05\" data-element_type=\"container\" data-settings=\"{&quot;content_width&quot;:&quot;full&quot;}\">\n\t\t<div class=\"elementor-element elementor-element-30c3d99 e-con-full e-flex e-con e-child\" data-id=\"30c3d99\" data-element_type=\"container\" data-settings=\"{&quot;content_width&quot;:&quot;full&quot;}\">\n\t\t\t\t<div class=\"elementor-element elementor-element-e73c491 elementor-widget__width-initial elementor-widget elementor-widget-heading\" data-id=\"e73c491\" data-element_type=\"widget\" data-widget_type=\"heading.default\">\n\t\t\t\t<div class=\"elementor-widget-container\">\n\t\t\t<h2 class=\"elementor-heading-title elementor-size-default\">Notre laboratoire<\/h2>\t\t<\/div>\n\t\t\t\t<\/div>\n\t\t\t\t<div class=\"elementor-element elementor-element-1eef2d9 elementor-widget elementor-widget-text-editor\" data-id=\"1eef2d9\" data-element_type=\"widget\" data-widget_type=\"text-editor.default\">\n\t\t\t\t<div class=\"elementor-widget-container\">\n\t\t\t<style>\/*! elementor - v3.18.0 - 20-12-2023 *\/\n.elementor-widget-text-editor.elementor-drop-cap-view-stacked .elementor-drop-cap{background-color:#69727d;color:#fff}.elementor-widget-text-editor.elementor-drop-cap-view-framed .elementor-drop-cap{color:#69727d;border:3px solid;background-color:transparent}.elementor-widget-text-editor:not(.elementor-drop-cap-view-default) .elementor-drop-cap{margin-top:8px}.elementor-widget-text-editor:not(.elementor-drop-cap-view-default) .elementor-drop-cap-letter{width:1em;height:1em}.elementor-widget-text-editor .elementor-drop-cap{float:left;text-align:center;line-height:1;font-size:50px}.elementor-widget-text-editor .elementor-drop-cap-letter{display:inline-block}<\/style>\t\t\t\t<p>Notre laboratoire r\u00e9pond aux standards internationaux et a re\u00e7u la certification de Mindray International par l&rsquo;entremise de la firme AMT PHARMA sa repr\u00e9sentante en RDC.<\/p><p>Il est ouvert 24\/7 et assure des r\u00e9sultats fiables, gr\u00e2ce \u00e0 des d&rsquo;\u00e9quipements ultramodernes \u00e0 la pointe de la technologie, un personnel hautement qualifi\u00e9 et des proc\u00e9dures continues de contr\u00f4le qualit\u00e9.<\/p><p>Du pr\u00e9l\u00e8vement \u00e0 la d\u00e9livrance des r\u00e9sultats, un processus rigoureux d&rsquo;identification et d&rsquo;encodage est mis en place afin \u00e9viter tout type d&rsquo;erreur.<\/p><p>En plus, une gestion informatis\u00e9e de tout le processus permet de d\u00e9livrer les r\u00e9sultats en moins de 3-4 heures pour la plupart des examens.<\/p><p>\u00a0<\/p>\t\t\t\t\t\t<\/div>\n\t\t\t\t<\/div>\n\t\t\t\t<\/div>\n\t\t<div class=\"elementor-element elementor-element-5a5d674 e-con-full e-flex e-con e-child\" data-id=\"5a5d674\" data-element_type=\"container\" data-settings=\"{&quot;content_width&quot;:&quot;full&quot;}\">\n\t\t\t\t<div class=\"elementor-element elementor-element-d7174b2 elementor-widget elementor-widget-image\" data-id=\"d7174b2\" data-element_type=\"widget\" data-widget_type=\"image.default\">\n\t\t\t\t<div class=\"elementor-widget-container\">\n\t\t\t\t\t\t\t\t\t\t\t\t\t\t\t<img decoding=\"async\" width=\"640\" height=\"420\" src=\"https:\/\/demo.cmd.cd\/wp-content\/uploads\/2024\/06\/gyno-1.jpg\" class=\"attachment-large size-large wp-image-272\" alt=\"\" srcset=\"https:\/\/demo.cmd.cd\/wp-content\/uploads\/2024\/06\/gyno-1.jpg 640w, https:\/\/demo.cmd.cd\/wp-content\/uploads\/2024\/06\/gyno-1-300x197.jpg 300w, https:\/\/demo.cmd.cd\/wp-content\/uploads\/2024\/06\/gyno-1-18x12.jpg 18w\" sizes=\"(max-width: 640px) 100vw, 640px\" \/>\t\t\t\t\t\t\t\t\t\t\t\t\t\t\t<\/div>\n\t\t\t\t<\/div>\n\t\t\t\t<\/div>\n\t\t\t\t<\/div>\n\t\t\t\t<div class=\"elementor-element elementor-element-e432740 elementor-widget-divider--view-line elementor-widget elementor-widget-divider\" data-id=\"e432740\" data-element_type=\"widget\" data-widget_type=\"divider.default\">\n\t\t\t\t<div class=\"elementor-widget-container\">\n\t\t\t<style>\/*! elementor - v3.18.0 - 20-12-2023 *\/\n.elementor-widget-divider{--divider-border-style:none;--divider-border-width:1px;--divider-color:#0c0d0e;--divider-icon-size:20px;--divider-element-spacing:10px;--divider-pattern-height:24px;--divider-pattern-size:20px;--divider-pattern-url:none;--divider-pattern-repeat:repeat-x}.elementor-widget-divider .elementor-divider{display:flex}.elementor-widget-divider .elementor-divider__text{font-size:15px;line-height:1;max-width:95%}.elementor-widget-divider .elementor-divider__element{margin:0 var(--divider-element-spacing);flex-shrink:0}.elementor-widget-divider .elementor-icon{font-size:var(--divider-icon-size)}.elementor-widget-divider .elementor-divider-separator{display:flex;margin:0;direction:ltr}.elementor-widget-divider--view-line_icon .elementor-divider-separator,.elementor-widget-divider--view-line_text .elementor-divider-separator{align-items:center}.elementor-widget-divider--view-line_icon .elementor-divider-separator:after,.elementor-widget-divider--view-line_icon .elementor-divider-separator:before,.elementor-widget-divider--view-line_text .elementor-divider-separator:after,.elementor-widget-divider--view-line_text .elementor-divider-separator:before{display:block;content:\"\";border-bottom:0;flex-grow:1;border-top:var(--divider-border-width) var(--divider-border-style) var(--divider-color)}.elementor-widget-divider--element-align-left .elementor-divider .elementor-divider-separator>.elementor-divider__svg:first-of-type{flex-grow:0;flex-shrink:100}.elementor-widget-divider--element-align-left .elementor-divider-separator:before{content:none}.elementor-widget-divider--element-align-left .elementor-divider__element{margin-left:0}.elementor-widget-divider--element-align-right .elementor-divider .elementor-divider-separator>.elementor-divider__svg:last-of-type{flex-grow:0;flex-shrink:100}.elementor-widget-divider--element-align-right .elementor-divider-separator:after{content:none}.elementor-widget-divider--element-align-right .elementor-divider__element{margin-right:0}.elementor-widget-divider:not(.elementor-widget-divider--view-line_text):not(.elementor-widget-divider--view-line_icon) .elementor-divider-separator{border-top:var(--divider-border-width) var(--divider-border-style) var(--divider-color)}.elementor-widget-divider--separator-type-pattern{--divider-border-style:none}.elementor-widget-divider--separator-type-pattern.elementor-widget-divider--view-line .elementor-divider-separator,.elementor-widget-divider--separator-type-pattern:not(.elementor-widget-divider--view-line) .elementor-divider-separator:after,.elementor-widget-divider--separator-type-pattern:not(.elementor-widget-divider--view-line) .elementor-divider-separator:before,.elementor-widget-divider--separator-type-pattern:not([class*=elementor-widget-divider--view]) .elementor-divider-separator{width:100%;min-height:var(--divider-pattern-height);-webkit-mask-size:var(--divider-pattern-size) 100%;mask-size:var(--divider-pattern-size) 100%;-webkit-mask-repeat:var(--divider-pattern-repeat);mask-repeat:var(--divider-pattern-repeat);background-color:var(--divider-color);-webkit-mask-image:var(--divider-pattern-url);mask-image:var(--divider-pattern-url)}.elementor-widget-divider--no-spacing{--divider-pattern-size:auto}.elementor-widget-divider--bg-round{--divider-pattern-repeat:round}.rtl .elementor-widget-divider .elementor-divider__text{direction:rtl}.e-con-inner>.elementor-widget-divider,.e-con>.elementor-widget-divider{width:var(--container-widget-width,100%);--flex-grow:var(--container-widget-flex-grow)}<\/style>\t\t<div class=\"elementor-divider\">\n\t\t\t<span class=\"elementor-divider-separator\">\n\t\t\t\t\t\t<\/span>\n\t\t<\/div>\n\t\t\t\t<\/div>\n\t\t\t\t<\/div>\n\t\t<div class=\"elementor-element elementor-element-cc375ee e-flex e-con-boxed e-con e-child\" data-id=\"cc375ee\" data-element_type=\"container\" data-settings=\"{&quot;content_width&quot;:&quot;boxed&quot;}\">\n\t\t\t\t\t<div class=\"e-con-inner\">\n\t\t<div class=\"elementor-element elementor-element-16afc1b e-con-full e-flex e-con e-child\" data-id=\"16afc1b\" data-element_type=\"container\" data-settings=\"{&quot;content_width&quot;:&quot;full&quot;}\">\n\t\t\t\t<div class=\"elementor-element elementor-element-4a780d2 elementor-widget elementor-widget-image\" data-id=\"4a780d2\" data-element_type=\"widget\" data-widget_type=\"image.default\">\n\t\t\t\t<div class=\"elementor-widget-container\">\n\t\t\t\t\t\t\t\t\t\t\t\t\t\t\t<img decoding=\"async\" width=\"640\" height=\"420\" src=\"https:\/\/demo.cmd.cd\/wp-content\/uploads\/2024\/06\/gyno-2.jpg\" class=\"attachment-large size-large wp-image-273\" alt=\"\" srcset=\"https:\/\/demo.cmd.cd\/wp-content\/uploads\/2024\/06\/gyno-2.jpg 640w, https:\/\/demo.cmd.cd\/wp-content\/uploads\/2024\/06\/gyno-2-300x197.jpg 300w, https:\/\/demo.cmd.cd\/wp-content\/uploads\/2024\/06\/gyno-2-18x12.jpg 18w\" sizes=\"(max-width: 640px) 100vw, 640px\" \/>\t\t\t\t\t\t\t\t\t\t\t\t\t\t\t<\/div>\n\t\t\t\t<\/div>\n\t\t\t\t<\/div>\n\t\t<div class=\"elementor-element elementor-element-6ca4706 e-con-full e-flex e-con e-child\" data-id=\"6ca4706\" data-element_type=\"container\" data-settings=\"{&quot;content_width&quot;:&quot;full&quot;}\">\n\t\t\t\t<div class=\"elementor-element elementor-element-624cc08 elementor-widget elementor-widget-heading\" data-id=\"624cc08\" data-element_type=\"widget\" data-widget_type=\"heading.default\">\n\t\t\t\t<div class=\"elementor-widget-container\">\n\t\t\t<h2 class=\"elementor-heading-title elementor-size-default\">Notre service d'imagerie<\/h2>\t\t<\/div>\n\t\t\t\t<\/div>\n\t\t\t\t<div class=\"elementor-element elementor-element-7b44b2e elementor-widget elementor-widget-text-editor\" data-id=\"7b44b2e\" data-element_type=\"widget\" data-widget_type=\"text-editor.default\">\n\t\t\t\t<div class=\"elementor-widget-container\">\n\t\t\t\t\t\t\t<p>Un service complet, enti\u00e8rement num\u00e9rique permettant le stockage des examens sur CD-ROM et logiciel PACS avec protocole DICOM et dot\u00e9 des \u00e9quipements d&rsquo;imagerie m\u00e9dicale de derni\u00e8re g\u00e9n\u00e9ration afin de permettre un diagnostic encore plus pr\u00e9cis : \u00e9cho 4D, IRM, CT scan 64 et 160 barrettes.<\/p><p>Pour tout examen r\u00e9alis\u00e9, le Centre M\u00e9dical Diamant envoie au patient par courriel son compte-rendu d&rsquo;examen ainsi que son acc\u00e8s PACS, lequel lui permettra de visualiser ses r\u00e9sultats sur notre site web, avec un acc\u00e8s individuel via \u00a0\u00bbVision WEB\u00a0\u00bb. Gr\u00e2ce \u00e0 cette interface, le patient acc\u00e8de \u00e0 ses images de type wavelet archiv\u00e9es dans Vision PACS et ce, \u00e0 partir de n&rsquo;importe quel ordinateur \u00e0 travers un simple navigateur web (de type Firefox).<\/p>\t\t\t\t\t\t<\/div>\n\t\t\t\t<\/div>\n\t\t\t\t<\/div>\n\t\t\t\t\t<\/div>\n\t\t\t\t<\/div>\n\t\t\t\t\t<\/div>\n\t\t\t\t<\/div>\n\t\t\t\t\t\t\t<\/div>","protected":false},"excerpt":{"rendered":"<p>Services de laboratoire et d&rsquo;imagerie 24h\/24h Notre laboratoire Notre laboratoire r\u00e9pond aux standards internationaux et a re\u00e7u la certification de Mindray International par l&rsquo;entremise de la firme AMT PHARMA sa repr\u00e9sentante en RDC. Il est ouvert 24\/7 et assure des r\u00e9sultats fiables, gr\u00e2ce \u00e0 des d&rsquo;\u00e9quipements ultramodernes \u00e0 la pointe de la technologie, un personnel [&hellip;]<\/p>","protected":false},"author":1,"featured_media":302,"parent":20,"menu_order":0,"comment_status":"closed","ping_status":"closed","template":"","meta":{"_acf_changed":false,"footnotes":""},"class_list":["post-734","page","type-page","status-publish","has-post-thumbnail","hentry"],"acf":[],"yoast_head":"<!-- This site is optimized with the Yoast SEO plugin v25.8 - https:\/\/yoast.com\/wordpress\/plugins\/seo\/ -->\n<title>Services de laboratoire et d&#039;imagerie 24h\/24h - Centre M\u00e9dical Diamant<\/title>\n<meta name=\"robots\" content=\"index, follow, max-snippet:-1, max-image-preview:large, max-video-preview:-1\" \/>\n<link rel=\"canonical\" href=\"https:\/\/demo.cmd.cd\/en\/nos-services\/services-de-laboratoire-et-dimagerie-24h-24h\/\" \/>\n<meta property=\"og:locale\" content=\"en_US\" \/>\n<meta property=\"og:type\" content=\"article\" \/>\n<meta property=\"og:title\" content=\"Services de laboratoire et d&#039;imagerie 24h\/24h - Centre M\u00e9dical Diamant\" \/>\n<meta property=\"og:description\" content=\"Services de laboratoire et d&rsquo;imagerie 24h\/24h Notre laboratoire Notre laboratoire r\u00e9pond aux standards internationaux et a re\u00e7u la certification de Mindray International par l&rsquo;entremise de la firme AMT PHARMA sa repr\u00e9sentante en RDC. Il est ouvert 24\/7 et assure des r\u00e9sultats fiables, gr\u00e2ce \u00e0 des d&rsquo;\u00e9quipements ultramodernes \u00e0 la pointe de la technologie, un personnel [&hellip;]\" \/>\n<meta property=\"og:url\" content=\"https:\/\/demo.cmd.cd\/en\/nos-services\/services-de-laboratoire-et-dimagerie-24h-24h\/\" \/>\n<meta property=\"og:site_name\" content=\"Centre M\u00e9dical Diamant\" \/>\n<meta property=\"article:modified_time\" content=\"2024-09-16T11:05:27+00:00\" \/>\n<meta property=\"og:image\" content=\"https:\/\/demo.cmd.cd\/wp-content\/uploads\/2024\/06\/cardiology-bg.jpg\" \/>\n\t<meta property=\"og:image:width\" content=\"1349\" \/>\n\t<meta property=\"og:image:height\" content=\"450\" \/>\n\t<meta property=\"og:image:type\" content=\"image\/jpeg\" \/>\n<meta name=\"twitter:card\" content=\"summary_large_image\" \/>\n<meta name=\"twitter:label1\" content=\"Est. reading time\" \/>\n\t<meta name=\"twitter:data1\" content=\"2 minutes\" \/>\n<script type=\"application\/ld+json\" class=\"yoast-schema-graph\">{\"@context\":\"https:\/\/schema.org\",\"@graph\":[{\"@type\":\"WebPage\",\"@id\":\"https:\/\/demo.cmd.cd\/nos-services\/services-de-laboratoire-et-dimagerie-24h-24h\/\",\"url\":\"https:\/\/demo.cmd.cd\/nos-services\/services-de-laboratoire-et-dimagerie-24h-24h\/\",\"name\":\"Services de laboratoire et d'imagerie 24h\/24h - Centre M\u00e9dical Diamant\",\"isPartOf\":{\"@id\":\"https:\/\/demo.cmd.cd\/#website\"},\"primaryImageOfPage\":{\"@id\":\"https:\/\/demo.cmd.cd\/nos-services\/services-de-laboratoire-et-dimagerie-24h-24h\/#primaryimage\"},\"image\":{\"@id\":\"https:\/\/demo.cmd.cd\/nos-services\/services-de-laboratoire-et-dimagerie-24h-24h\/#primaryimage\"},\"thumbnailUrl\":\"https:\/\/demo.cmd.cd\/wp-content\/uploads\/2024\/06\/cardiology-bg.jpg\",\"datePublished\":\"2024-09-16T11:02:57+00:00\",\"dateModified\":\"2024-09-16T11:05:27+00:00\",\"breadcrumb\":{\"@id\":\"https:\/\/demo.cmd.cd\/nos-services\/services-de-laboratoire-et-dimagerie-24h-24h\/#breadcrumb\"},\"inLanguage\":\"en-US\",\"potentialAction\":[{\"@type\":\"ReadAction\",\"target\":[\"https:\/\/demo.cmd.cd\/nos-services\/services-de-laboratoire-et-dimagerie-24h-24h\/\"]}]},{\"@type\":\"ImageObject\",\"inLanguage\":\"en-US\",\"@id\":\"https:\/\/demo.cmd.cd\/nos-services\/services-de-laboratoire-et-dimagerie-24h-24h\/#primaryimage\",\"url\":\"https:\/\/demo.cmd.cd\/wp-content\/uploads\/2024\/06\/cardiology-bg.jpg\",\"contentUrl\":\"https:\/\/demo.cmd.cd\/wp-content\/uploads\/2024\/06\/cardiology-bg.jpg\",\"width\":1349,\"height\":450},{\"@type\":\"BreadcrumbList\",\"@id\":\"https:\/\/demo.cmd.cd\/nos-services\/services-de-laboratoire-et-dimagerie-24h-24h\/#breadcrumb\",\"itemListElement\":[{\"@type\":\"ListItem\",\"position\":1,\"name\":\"Home\",\"item\":\"https:\/\/demo.cmd.cd\/\"},{\"@type\":\"ListItem\",\"position\":2,\"name\":\"Nos services\",\"item\":\"https:\/\/demo.cmd.cd\/nos-services\/\"},{\"@type\":\"ListItem\",\"position\":3,\"name\":\"Services de laboratoire et d&#8217;imagerie 24h\/24h\"}]},{\"@type\":\"WebSite\",\"@id\":\"https:\/\/demo.cmd.cd\/#website\",\"url\":\"https:\/\/demo.cmd.cd\/\",\"name\":\"Centre M\u00e9dical Diamant\",\"description\":\"Votre sant\u00e9 , notre priorit\u00e9\",\"publisher\":{\"@id\":\"https:\/\/demo.cmd.cd\/#organization\"},\"potentialAction\":[{\"@type\":\"SearchAction\",\"target\":{\"@type\":\"EntryPoint\",\"urlTemplate\":\"https:\/\/demo.cmd.cd\/?s={search_term_string}\"},\"query-input\":{\"@type\":\"PropertyValueSpecification\",\"valueRequired\":true,\"valueName\":\"search_term_string\"}}],\"inLanguage\":\"en-US\"},{\"@type\":\"Organization\",\"@id\":\"https:\/\/demo.cmd.cd\/#organization\",\"name\":\"Centre M\u00e9dical Diamant\",\"url\":\"https:\/\/demo.cmd.cd\/\",\"logo\":{\"@type\":\"ImageObject\",\"inLanguage\":\"en-US\",\"@id\":\"https:\/\/demo.cmd.cd\/#\/schema\/logo\/image\/\",\"url\":\"https:\/\/demo.cmd.cd\/wp-content\/uploads\/2024\/01\/logo-hight-CMD-scaled.jpg\",\"contentUrl\":\"https:\/\/demo.cmd.cd\/wp-content\/uploads\/2024\/01\/logo-hight-CMD-scaled.jpg\",\"width\":2560,\"height\":1811,\"caption\":\"Centre M\u00e9dical Diamant\"},\"image\":{\"@id\":\"https:\/\/demo.cmd.cd\/#\/schema\/logo\/image\/\"}}]}<\/script>\n<!-- \/ Yoast SEO plugin. -->","yoast_head_json":{"title":"Services de laboratoire et d'imagerie 24h\/24h - Centre M\u00e9dical Diamant","robots":{"index":"index","follow":"follow","max-snippet":"max-snippet:-1","max-image-preview":"max-image-preview:large","max-video-preview":"max-video-preview:-1"},"canonical":"https:\/\/demo.cmd.cd\/en\/nos-services\/services-de-laboratoire-et-dimagerie-24h-24h\/","og_locale":"en_US","og_type":"article","og_title":"Services de laboratoire et d'imagerie 24h\/24h - Centre M\u00e9dical Diamant","og_description":"Services de laboratoire et d&rsquo;imagerie 24h\/24h Notre laboratoire Notre laboratoire r\u00e9pond aux standards internationaux et a re\u00e7u la certification de Mindray International par l&rsquo;entremise de la firme AMT PHARMA sa repr\u00e9sentante en RDC. Il est ouvert 24\/7 et assure des r\u00e9sultats fiables, gr\u00e2ce \u00e0 des d&rsquo;\u00e9quipements ultramodernes \u00e0 la pointe de la technologie, un personnel [&hellip;]","og_url":"https:\/\/demo.cmd.cd\/en\/nos-services\/services-de-laboratoire-et-dimagerie-24h-24h\/","og_site_name":"Centre M\u00e9dical Diamant","article_modified_time":"2024-09-16T11:05:27+00:00","og_image":[{"width":1349,"height":450,"url":"https:\/\/demo.cmd.cd\/wp-content\/uploads\/2024\/06\/cardiology-bg.jpg","type":"image\/jpeg"}],"twitter_card":"summary_large_image","twitter_misc":{"Est. reading time":"2 minutes"},"schema":{"@context":"https:\/\/schema.org","@graph":[{"@type":"WebPage","@id":"https:\/\/demo.cmd.cd\/nos-services\/services-de-laboratoire-et-dimagerie-24h-24h\/","url":"https:\/\/demo.cmd.cd\/nos-services\/services-de-laboratoire-et-dimagerie-24h-24h\/","name":"Services de laboratoire et d'imagerie 24h\/24h - Centre M\u00e9dical Diamant","isPartOf":{"@id":"https:\/\/demo.cmd.cd\/#website"},"primaryImageOfPage":{"@id":"https:\/\/demo.cmd.cd\/nos-services\/services-de-laboratoire-et-dimagerie-24h-24h\/#primaryimage"},"image":{"@id":"https:\/\/demo.cmd.cd\/nos-services\/services-de-laboratoire-et-dimagerie-24h-24h\/#primaryimage"},"thumbnailUrl":"https:\/\/demo.cmd.cd\/wp-content\/uploads\/2024\/06\/cardiology-bg.jpg","datePublished":"2024-09-16T11:02:57+00:00","dateModified":"2024-09-16T11:05:27+00:00","breadcrumb":{"@id":"https:\/\/demo.cmd.cd\/nos-services\/services-de-laboratoire-et-dimagerie-24h-24h\/#breadcrumb"},"inLanguage":"en-US","potentialAction":[{"@type":"ReadAction","target":["https:\/\/demo.cmd.cd\/nos-services\/services-de-laboratoire-et-dimagerie-24h-24h\/"]}]},{"@type":"ImageObject","inLanguage":"en-US","@id":"https:\/\/demo.cmd.cd\/nos-services\/services-de-laboratoire-et-dimagerie-24h-24h\/#primaryimage","url":"https:\/\/demo.cmd.cd\/wp-content\/uploads\/2024\/06\/cardiology-bg.jpg","contentUrl":"https:\/\/demo.cmd.cd\/wp-content\/uploads\/2024\/06\/cardiology-bg.jpg","width":1349,"height":450},{"@type":"BreadcrumbList","@id":"https:\/\/demo.cmd.cd\/nos-services\/services-de-laboratoire-et-dimagerie-24h-24h\/#breadcrumb","itemListElement":[{"@type":"ListItem","position":1,"name":"Home","item":"https:\/\/demo.cmd.cd\/"},{"@type":"ListItem","position":2,"name":"Nos services","item":"https:\/\/demo.cmd.cd\/nos-services\/"},{"@type":"ListItem","position":3,"name":"Services de laboratoire et d&#8217;imagerie 24h\/24h"}]},{"@type":"WebSite","@id":"https:\/\/demo.cmd.cd\/#website","url":"https:\/\/demo.cmd.cd\/","name":"Centre M\u00e9dical Diamant","description":"Votre sant\u00e9 , notre priorit\u00e9","publisher":{"@id":"https:\/\/demo.cmd.cd\/#organization"},"potentialAction":[{"@type":"SearchAction","target":{"@type":"EntryPoint","urlTemplate":"https:\/\/demo.cmd.cd\/?s={search_term_string}"},"query-input":{"@type":"PropertyValueSpecification","valueRequired":true,"valueName":"search_term_string"}}],"inLanguage":"en-US"},{"@type":"Organization","@id":"https:\/\/demo.cmd.cd\/#organization","name":"Centre M\u00e9dical Diamant","url":"https:\/\/demo.cmd.cd\/","logo":{"@type":"ImageObject","inLanguage":"en-US","@id":"https:\/\/demo.cmd.cd\/#\/schema\/logo\/image\/","url":"https:\/\/demo.cmd.cd\/wp-content\/uploads\/2024\/01\/logo-hight-CMD-scaled.jpg","contentUrl":"https:\/\/demo.cmd.cd\/wp-content\/uploads\/2024\/01\/logo-hight-CMD-scaled.jpg","width":2560,"height":1811,"caption":"Centre M\u00e9dical Diamant"},"image":{"@id":"https:\/\/demo.cmd.cd\/#\/schema\/logo\/image\/"}}]}},"_links":{"self":[{"href":"https:\/\/demo.cmd.cd\/en\/wp-json\/wp\/v2\/pages\/734","targetHints":{"allow":["GET"]}}],"collection":[{"href":"https:\/\/demo.cmd.cd\/en\/wp-json\/wp\/v2\/pages"}],"about":[{"href":"https:\/\/demo.cmd.cd\/en\/wp-json\/wp\/v2\/types\/page"}],"author":[{"embeddable":true,"href":"https:\/\/demo.cmd.cd\/en\/wp-json\/wp\/v2\/users\/1"}],"replies":[{"embeddable":true,"href":"https:\/\/demo.cmd.cd\/en\/wp-json\/wp\/v2\/comments?post=734"}],"version-history":[{"count":4,"href":"https:\/\/demo.cmd.cd\/en\/wp-json\/wp\/v2\/pages\/734\/revisions"}],"predecessor-version":[{"id":738,"href":"https:\/\/demo.cmd.cd\/en\/wp-json\/wp\/v2\/pages\/734\/revisions\/738"}],"up":[{"embeddable":true,"href":"https:\/\/demo.cmd.cd\/en\/wp-json\/wp\/v2\/pages\/20"}],"wp:featuredmedia":[{"embeddable":true,"href":"https:\/\/demo.cmd.cd\/en\/wp-json\/wp\/v2\/media\/302"}],"wp:attachment":[{"href":"https:\/\/demo.cmd.cd\/en\/wp-json\/wp\/v2\/media?parent=734"}],"curies":[{"name":"wp","href":"https:\/\/api.w.org\/{rel}","templated":true}]}}