{"id":740,"date":"2024-09-16T11:09:24","date_gmt":"2024-09-16T11:09:24","guid":{"rendered":"https:\/\/demo.cmd.cd\/?page_id=740"},"modified":"2025-03-14T17:42:09","modified_gmt":"2025-03-14T17:42:09","slug":"nos-clients","status":"publish","type":"page","link":"https:\/\/demo.cmd.cd\/en\/nos-clients\/","title":{"rendered":"Nos clients"},"content":{"rendered":"<div data-elementor-type=\"wp-page\" data-elementor-id=\"740\" class=\"elementor elementor-740\" data-elementor-post-type=\"page\">\n\t\t\t\t\t\t\t<div class=\"elementor-element elementor-element-2a2995f e-flex e-con-boxed e-con e-parent\" data-id=\"2a2995f\" data-element_type=\"container\" data-settings=\"{&quot;content_width&quot;:&quot;boxed&quot;}\" data-core-v316-plus=\"true\">\n\t\t\t\t\t<div class=\"e-con-inner\">\n\t\t\t\t<div class=\"elementor-element elementor-element-b5c4a47 elementor-widget elementor-widget-theme-post-featured-image elementor-widget-image\" data-id=\"b5c4a47\" data-element_type=\"widget\" data-widget_type=\"theme-post-featured-image.default\">\n\t\t\t\t<div class=\"elementor-widget-container\">\n\t\t\t<style>\/*! elementor - v3.18.0 - 20-12-2023 *\/\n.elementor-widget-image{text-align:center}.elementor-widget-image a{display:inline-block}.elementor-widget-image a img[src$=\".svg\"]{width:48px}.elementor-widget-image img{vertical-align:middle;display:inline-block}<\/style>\t\t\t\t\t\t\t\t\t\t\t\t<img fetchpriority=\"high\" decoding=\"async\" width=\"800\" height=\"267\" src=\"https:\/\/demo.cmd.cd\/wp-content\/uploads\/2024\/06\/career-bg-1-1024x342.jpg\" class=\"attachment-large size-large wp-image-338\" alt=\"\" srcset=\"https:\/\/demo.cmd.cd\/wp-content\/uploads\/2024\/06\/career-bg-1-1024x342.jpg 1024w, https:\/\/demo.cmd.cd\/wp-content\/uploads\/2024\/06\/career-bg-1-300x100.jpg 300w, https:\/\/demo.cmd.cd\/wp-content\/uploads\/2024\/06\/career-bg-1-768x256.jpg 768w, https:\/\/demo.cmd.cd\/wp-content\/uploads\/2024\/06\/career-bg-1-18x6.jpg 18w, https:\/\/demo.cmd.cd\/wp-content\/uploads\/2024\/06\/career-bg-1.jpg 1349w\" sizes=\"(max-width: 800px) 100vw, 800px\" \/>\t\t\t\t\t\t\t\t\t\t\t\t\t\t\t<\/div>\n\t\t\t\t<\/div>\n\t\t\t\t\t<\/div>\n\t\t\t\t<\/div>\n\t\t<div class=\"elementor-element elementor-element-25a8cae7 e-flex e-con-boxed e-con e-parent\" data-id=\"25a8cae7\" data-element_type=\"container\" data-settings=\"{&quot;content_width&quot;:&quot;boxed&quot;}\" data-core-v316-plus=\"true\">\n\t\t\t\t\t<div class=\"e-con-inner\">\n\t\t<div class=\"elementor-element elementor-element-1163c694 e-con-full e-flex e-con e-child\" data-id=\"1163c694\" data-element_type=\"container\" data-settings=\"{&quot;content_width&quot;:&quot;full&quot;}\">\n\t\t\t\t<div class=\"elementor-element elementor-element-37455a3 elementor-invisible elementor-widget elementor-widget-heading\" data-id=\"37455a3\" data-element_type=\"widget\" data-settings=\"{&quot;_animation&quot;:&quot;fadeIn&quot;}\" data-widget_type=\"heading.default\">\n\t\t\t\t<div class=\"elementor-widget-container\">\n\t\t\t<style>\/*! elementor - v3.18.0 - 20-12-2023 *\/\n.elementor-heading-title{padding:0;margin:0;line-height:1}.elementor-widget-heading .elementor-heading-title[class*=elementor-size-]>a{color:inherit;font-size:inherit;line-height:inherit}.elementor-widget-heading .elementor-heading-title.elementor-size-small{font-size:15px}.elementor-widget-heading .elementor-heading-title.elementor-size-medium{font-size:19px}.elementor-widget-heading .elementor-heading-title.elementor-size-large{font-size:29px}.elementor-widget-heading .elementor-heading-title.elementor-size-xl{font-size:39px}.elementor-widget-heading .elementor-heading-title.elementor-size-xxl{font-size:59px}<\/style><h1 class=\"elementor-heading-title elementor-size-default\">Nos clients<\/h1>\t\t<\/div>\n\t\t\t\t<\/div>\n\t\t\t\t<\/div>\n\t\t\t\t\t<\/div>\n\t\t\t\t<\/div>\n\t\t<div class=\"elementor-element elementor-element-1b9db99 e-flex e-con-boxed e-con e-parent\" data-id=\"1b9db99\" data-element_type=\"container\" data-settings=\"{&quot;content_width&quot;:&quot;boxed&quot;}\" data-core-v316-plus=\"true\">\n\t\t\t\t\t<div class=\"e-con-inner\">\n\t\t<div class=\"elementor-element elementor-element-a48aa99 e-con-full e-flex e-con e-child\" data-id=\"a48aa99\" data-element_type=\"container\" data-settings=\"{&quot;content_width&quot;:&quot;full&quot;}\">\n\t\t\t\t<div class=\"elementor-element elementor-element-cb379cf elementor-widget elementor-widget-image\" data-id=\"cb379cf\" data-element_type=\"widget\" data-widget_type=\"image.default\">\n\t\t\t\t<div class=\"elementor-widget-container\">\n\t\t\t\t\t\t\t\t\t\t\t\t<figure class=\"wp-caption\">\n\t\t\t\t\t\t\t\t\t\t\t<a href=\"https:\/\/www.cnssap.cd\/\">\n\t\t\t\t\t\t\t<img decoding=\"async\" width=\"360\" height=\"360\" src=\"https:\/\/demo.cmd.cd\/wp-content\/uploads\/2024\/09\/cnssap.jpg\" class=\"attachment-large size-large wp-image-742\" alt=\"CNSSAP\" srcset=\"https:\/\/demo.cmd.cd\/wp-content\/uploads\/2024\/09\/cnssap.jpg 360w, https:\/\/demo.cmd.cd\/wp-content\/uploads\/2024\/09\/cnssap-300x300.jpg 300w, https:\/\/demo.cmd.cd\/wp-content\/uploads\/2024\/09\/cnssap-150x150.jpg 150w, https:\/\/demo.cmd.cd\/wp-content\/uploads\/2024\/09\/cnssap-12x12.jpg 12w\" sizes=\"(max-width: 360px) 100vw, 360px\" \/>\t\t\t\t\t\t\t\t<\/a>\n\t\t\t\t\t\t\t\t\t\t\t<figcaption class=\"widget-image-caption wp-caption-text\">CNSSAP<\/figcaption>\n\t\t\t\t\t\t\t\t\t\t<\/figure>\n\t\t\t\t\t\t\t\t\t<\/div>\n\t\t\t\t<\/div>\n\t\t\t\t<\/div>\n\t\t<div class=\"elementor-element elementor-element-ccb32ce e-con-full e-flex e-con e-child\" data-id=\"ccb32ce\" data-element_type=\"container\" data-settings=\"{&quot;content_width&quot;:&quot;full&quot;}\">\n\t\t\t\t<div class=\"elementor-element elementor-element-ae5879d elementor-widget elementor-widget-image\" data-id=\"ae5879d\" data-element_type=\"widget\" data-widget_type=\"image.default\">\n\t\t\t\t<div class=\"elementor-widget-container\">\n\t\t\t\t\t\t\t\t\t\t\t\t<figure class=\"wp-caption\">\n\t\t\t\t\t\t\t\t\t\t\t<a href=\"https:\/\/eglisecmp.com\/\">\n\t\t\t\t\t\t\t<img decoding=\"async\" width=\"360\" height=\"360\" src=\"https:\/\/demo.cmd.cd\/wp-content\/uploads\/2024\/09\/cmp.jpg\" class=\"attachment-large size-large wp-image-745\" alt=\"CMP\" srcset=\"https:\/\/demo.cmd.cd\/wp-content\/uploads\/2024\/09\/cmp.jpg 360w, https:\/\/demo.cmd.cd\/wp-content\/uploads\/2024\/09\/cmp-300x300.jpg 300w, https:\/\/demo.cmd.cd\/wp-content\/uploads\/2024\/09\/cmp-150x150.jpg 150w, https:\/\/demo.cmd.cd\/wp-content\/uploads\/2024\/09\/cmp-12x12.jpg 12w\" sizes=\"(max-width: 360px) 100vw, 360px\" \/>\t\t\t\t\t\t\t\t<\/a>\n\t\t\t\t\t\t\t\t\t\t\t<figcaption class=\"widget-image-caption wp-caption-text\">CMP<\/figcaption>\n\t\t\t\t\t\t\t\t\t\t<\/figure>\n\t\t\t\t\t\t\t\t\t<\/div>\n\t\t\t\t<\/div>\n\t\t\t\t<\/div>\n\t\t<div class=\"elementor-element elementor-element-2a84b08 e-con-full e-flex e-con e-child\" data-id=\"2a84b08\" data-element_type=\"container\" data-settings=\"{&quot;content_width&quot;:&quot;full&quot;}\">\n\t\t\t\t<div class=\"elementor-element elementor-element-3b5db1b elementor-widget elementor-widget-image\" data-id=\"3b5db1b\" data-element_type=\"widget\" data-widget_type=\"image.default\">\n\t\t\t\t<div class=\"elementor-widget-container\">\n\t\t\t\t\t\t\t\t\t\t\t\t<figure class=\"wp-caption\">\n\t\t\t\t\t\t\t\t\t\t\t<a href=\"https:\/\/ecobank.com\/\">\n\t\t\t\t\t\t\t<img loading=\"lazy\" decoding=\"async\" width=\"360\" height=\"360\" src=\"https:\/\/demo.cmd.cd\/wp-content\/uploads\/2024\/09\/ecobank.jpg\" class=\"attachment-large size-large wp-image-746\" alt=\"Ecobank\" srcset=\"https:\/\/demo.cmd.cd\/wp-content\/uploads\/2024\/09\/ecobank.jpg 360w, https:\/\/demo.cmd.cd\/wp-content\/uploads\/2024\/09\/ecobank-300x300.jpg 300w, https:\/\/demo.cmd.cd\/wp-content\/uploads\/2024\/09\/ecobank-150x150.jpg 150w, https:\/\/demo.cmd.cd\/wp-content\/uploads\/2024\/09\/ecobank-12x12.jpg 12w\" sizes=\"(max-width: 360px) 100vw, 360px\" \/>\t\t\t\t\t\t\t\t<\/a>\n\t\t\t\t\t\t\t\t\t\t\t<figcaption class=\"widget-image-caption wp-caption-text\">Ecobank<\/figcaption>\n\t\t\t\t\t\t\t\t\t\t<\/figure>\n\t\t\t\t\t\t\t\t\t<\/div>\n\t\t\t\t<\/div>\n\t\t\t\t<\/div>\n\t\t<div class=\"elementor-element elementor-element-7404472 e-con-full e-flex e-con e-child\" data-id=\"7404472\" data-element_type=\"container\" data-settings=\"{&quot;content_width&quot;:&quot;full&quot;}\">\n\t\t\t\t<div class=\"elementor-element elementor-element-6177f6d elementor-widget elementor-widget-image\" data-id=\"6177f6d\" data-element_type=\"widget\" data-widget_type=\"image.default\">\n\t\t\t\t<div class=\"elementor-widget-container\">\n\t\t\t\t\t\t\t\t\t\t\t\t<figure class=\"wp-caption\">\n\t\t\t\t\t\t\t\t\t\t\t<a href=\"https:\/\/fpm.cd\/\">\n\t\t\t\t\t\t\t<img loading=\"lazy\" decoding=\"async\" width=\"360\" height=\"360\" src=\"https:\/\/demo.cmd.cd\/wp-content\/uploads\/2024\/09\/fpm.jpg\" class=\"attachment-large size-large wp-image-748\" alt=\"FPM\" srcset=\"https:\/\/demo.cmd.cd\/wp-content\/uploads\/2024\/09\/fpm.jpg 360w, https:\/\/demo.cmd.cd\/wp-content\/uploads\/2024\/09\/fpm-300x300.jpg 300w, https:\/\/demo.cmd.cd\/wp-content\/uploads\/2024\/09\/fpm-150x150.jpg 150w, https:\/\/demo.cmd.cd\/wp-content\/uploads\/2024\/09\/fpm-12x12.jpg 12w\" sizes=\"(max-width: 360px) 100vw, 360px\" \/>\t\t\t\t\t\t\t\t<\/a>\n\t\t\t\t\t\t\t\t\t\t\t<figcaption class=\"widget-image-caption wp-caption-text\">FPM<\/figcaption>\n\t\t\t\t\t\t\t\t\t\t<\/figure>\n\t\t\t\t\t\t\t\t\t<\/div>\n\t\t\t\t<\/div>\n\t\t\t\t<\/div>\n\t\t<div class=\"elementor-element elementor-element-1b99068 e-con-full e-flex e-con e-child\" data-id=\"1b99068\" data-element_type=\"container\" data-settings=\"{&quot;content_width&quot;:&quot;full&quot;}\">\n\t\t\t\t<div class=\"elementor-element elementor-element-19126f9 elementor-widget elementor-widget-image\" data-id=\"19126f9\" data-element_type=\"widget\" data-widget_type=\"image.default\">\n\t\t\t\t<div class=\"elementor-widget-container\">\n\t\t\t\t\t\t\t\t\t\t\t\t<figure class=\"wp-caption\">\n\t\t\t\t\t\t\t\t\t\t\t<a href=\"https:\/\/www.msi-rdc.org\/\">\n\t\t\t\t\t\t\t<img loading=\"lazy\" decoding=\"async\" width=\"360\" height=\"360\" src=\"https:\/\/demo.cmd.cd\/wp-content\/uploads\/2024\/09\/marie_stopes.jpg\" class=\"attachment-large size-large wp-image-749\" alt=\"Marie Stopes RDC\" srcset=\"https:\/\/demo.cmd.cd\/wp-content\/uploads\/2024\/09\/marie_stopes.jpg 360w, https:\/\/demo.cmd.cd\/wp-content\/uploads\/2024\/09\/marie_stopes-300x300.jpg 300w, https:\/\/demo.cmd.cd\/wp-content\/uploads\/2024\/09\/marie_stopes-150x150.jpg 150w, https:\/\/demo.cmd.cd\/wp-content\/uploads\/2024\/09\/marie_stopes-12x12.jpg 12w\" sizes=\"(max-width: 360px) 100vw, 360px\" \/>\t\t\t\t\t\t\t\t<\/a>\n\t\t\t\t\t\t\t\t\t\t\t<figcaption class=\"widget-image-caption wp-caption-text\">MSI<\/figcaption>\n\t\t\t\t\t\t\t\t\t\t<\/figure>\n\t\t\t\t\t\t\t\t\t<\/div>\n\t\t\t\t<\/div>\n\t\t\t\t<\/div>\n\t\t<div class=\"elementor-element elementor-element-e5a9391 e-con-full e-flex e-con e-child\" data-id=\"e5a9391\" data-element_type=\"container\" data-settings=\"{&quot;content_width&quot;:&quot;full&quot;}\">\n\t\t\t\t<div class=\"elementor-element elementor-element-b007ff5 elementor-widget elementor-widget-image\" data-id=\"b007ff5\" data-element_type=\"widget\" data-widget_type=\"image.default\">\n\t\t\t\t<div class=\"elementor-widget-container\">\n\t\t\t\t\t\t\t\t\t\t\t\t<figure class=\"wp-caption\">\n\t\t\t\t\t\t\t\t\t\t\t<a href=\"https:\/\/www.mayfairwecare.com\/\">\n\t\t\t\t\t\t\t<img loading=\"lazy\" decoding=\"async\" width=\"360\" height=\"360\" src=\"https:\/\/demo.cmd.cd\/wp-content\/uploads\/2024\/09\/mayfair.jpg\" class=\"attachment-large size-large wp-image-752\" alt=\"Mayfair Insurance\" srcset=\"https:\/\/demo.cmd.cd\/wp-content\/uploads\/2024\/09\/mayfair.jpg 360w, https:\/\/demo.cmd.cd\/wp-content\/uploads\/2024\/09\/mayfair-300x300.jpg 300w, https:\/\/demo.cmd.cd\/wp-content\/uploads\/2024\/09\/mayfair-150x150.jpg 150w, https:\/\/demo.cmd.cd\/wp-content\/uploads\/2024\/09\/mayfair-12x12.jpg 12w\" sizes=\"(max-width: 360px) 100vw, 360px\" \/>\t\t\t\t\t\t\t\t<\/a>\n\t\t\t\t\t\t\t\t\t\t\t<figcaption class=\"widget-image-caption wp-caption-text\">Mayfair<\/figcaption>\n\t\t\t\t\t\t\t\t\t\t<\/figure>\n\t\t\t\t\t\t\t\t\t<\/div>\n\t\t\t\t<\/div>\n\t\t\t\t<\/div>\n\t\t<div class=\"elementor-element elementor-element-8c2adea e-con-full e-flex e-con e-child\" data-id=\"8c2adea\" data-element_type=\"container\" data-settings=\"{&quot;content_width&quot;:&quot;full&quot;}\">\n\t\t\t\t<div class=\"elementor-element elementor-element-59d33c9 elementor-widget elementor-widget-image\" data-id=\"59d33c9\" data-element_type=\"widget\" data-widget_type=\"image.default\">\n\t\t\t\t<div class=\"elementor-widget-container\">\n\t\t\t\t\t\t\t\t\t\t\t\t<figure class=\"wp-caption\">\n\t\t\t\t\t\t\t\t\t\t\t<a href=\"https:\/\/www.pasa-nk.org\/\">\n\t\t\t\t\t\t\t<img loading=\"lazy\" decoding=\"async\" width=\"360\" height=\"360\" src=\"https:\/\/demo.cmd.cd\/wp-content\/uploads\/2024\/09\/pasa_nk.jpg\" class=\"attachment-large size-large wp-image-754\" alt=\"Pasa-NK\" srcset=\"https:\/\/demo.cmd.cd\/wp-content\/uploads\/2024\/09\/pasa_nk.jpg 360w, https:\/\/demo.cmd.cd\/wp-content\/uploads\/2024\/09\/pasa_nk-300x300.jpg 300w, https:\/\/demo.cmd.cd\/wp-content\/uploads\/2024\/09\/pasa_nk-150x150.jpg 150w, https:\/\/demo.cmd.cd\/wp-content\/uploads\/2024\/09\/pasa_nk-12x12.jpg 12w\" sizes=\"(max-width: 360px) 100vw, 360px\" \/>\t\t\t\t\t\t\t\t<\/a>\n\t\t\t\t\t\t\t\t\t\t\t<figcaption class=\"widget-image-caption wp-caption-text\">Pasa-NK<\/figcaption>\n\t\t\t\t\t\t\t\t\t\t<\/figure>\n\t\t\t\t\t\t\t\t\t<\/div>\n\t\t\t\t<\/div>\n\t\t\t\t<\/div>\n\t\t<div class=\"elementor-element elementor-element-e7cd9a0 e-con-full e-flex e-con e-child\" data-id=\"e7cd9a0\" data-element_type=\"container\" data-settings=\"{&quot;content_width&quot;:&quot;full&quot;}\">\n\t\t\t\t<div class=\"elementor-element elementor-element-0cbd0ca elementor-widget elementor-widget-image\" data-id=\"0cbd0ca\" data-element_type=\"widget\" data-widget_type=\"image.default\">\n\t\t\t\t<div class=\"elementor-widget-container\">\n\t\t\t\t\t\t\t\t\t\t\t\t<figure class=\"wp-caption\">\n\t\t\t\t\t\t\t\t\t\t\t<a href=\"https:\/\/rawbank.com\/\">\n\t\t\t\t\t\t\t<img loading=\"lazy\" decoding=\"async\" width=\"360\" height=\"360\" src=\"https:\/\/demo.cmd.cd\/wp-content\/uploads\/2024\/09\/rawbank.jpg\" class=\"attachment-large size-large wp-image-755\" alt=\"Rawbank\" srcset=\"https:\/\/demo.cmd.cd\/wp-content\/uploads\/2024\/09\/rawbank.jpg 360w, https:\/\/demo.cmd.cd\/wp-content\/uploads\/2024\/09\/rawbank-300x300.jpg 300w, https:\/\/demo.cmd.cd\/wp-content\/uploads\/2024\/09\/rawbank-150x150.jpg 150w, https:\/\/demo.cmd.cd\/wp-content\/uploads\/2024\/09\/rawbank-12x12.jpg 12w\" sizes=\"(max-width: 360px) 100vw, 360px\" \/>\t\t\t\t\t\t\t\t<\/a>\n\t\t\t\t\t\t\t\t\t\t\t<figcaption class=\"widget-image-caption wp-caption-text\">Rawbank<\/figcaption>\n\t\t\t\t\t\t\t\t\t\t<\/figure>\n\t\t\t\t\t\t\t\t\t<\/div>\n\t\t\t\t<\/div>\n\t\t\t\t<\/div>\n\t\t<div class=\"elementor-element elementor-element-f4a3b7e e-con-full e-flex e-con e-child\" data-id=\"f4a3b7e\" data-element_type=\"container\" data-settings=\"{&quot;content_width&quot;:&quot;full&quot;}\">\n\t\t\t\t<div class=\"elementor-element elementor-element-383dcf8 elementor-widget elementor-widget-image\" data-id=\"383dcf8\" data-element_type=\"widget\" data-widget_type=\"image.default\">\n\t\t\t\t<div class=\"elementor-widget-container\">\n\t\t\t\t\t\t\t\t\t\t\t\t<figure class=\"wp-caption\">\n\t\t\t\t\t\t\t\t\t\t\t<a href=\"https:\/\/en.cmoc.com\/html\/Business\/Congo-Cu-Co\/\">\n\t\t\t\t\t\t\t<img loading=\"lazy\" decoding=\"async\" width=\"360\" height=\"360\" src=\"https:\/\/demo.cmd.cd\/wp-content\/uploads\/2024\/09\/tenke_fugurume.jpg\" class=\"attachment-large size-large wp-image-757\" alt=\"Tenke Fungurume\" srcset=\"https:\/\/demo.cmd.cd\/wp-content\/uploads\/2024\/09\/tenke_fugurume.jpg 360w, https:\/\/demo.cmd.cd\/wp-content\/uploads\/2024\/09\/tenke_fugurume-300x300.jpg 300w, https:\/\/demo.cmd.cd\/wp-content\/uploads\/2024\/09\/tenke_fugurume-150x150.jpg 150w, https:\/\/demo.cmd.cd\/wp-content\/uploads\/2024\/09\/tenke_fugurume-12x12.jpg 12w\" sizes=\"(max-width: 360px) 100vw, 360px\" \/>\t\t\t\t\t\t\t\t<\/a>\n\t\t\t\t\t\t\t\t\t\t\t<figcaption class=\"widget-image-caption wp-caption-text\">Tenke Fungurume<\/figcaption>\n\t\t\t\t\t\t\t\t\t\t<\/figure>\n\t\t\t\t\t\t\t\t\t<\/div>\n\t\t\t\t<\/div>\n\t\t\t\t<\/div>\n\t\t\t\t\t<\/div>\n\t\t\t\t<\/div>\n\t\t<div class=\"elementor-element elementor-element-6e0d6eb e-con-full e-flex e-con e-child\" data-id=\"6e0d6eb\" data-element_type=\"container\" data-settings=\"{&quot;content_width&quot;:&quot;full&quot;}\">\n\t\t\t\t<div class=\"elementor-element elementor-element-971a4b1 elementor-widget elementor-widget-image\" data-id=\"971a4b1\" data-element_type=\"widget\" data-widget_type=\"image.default\">\n\t\t\t\t<div class=\"elementor-widget-container\">\n\t\t\t\t\t\t\t\t\t\t\t\t<figure class=\"wp-caption\">\n\t\t\t\t\t\t\t\t\t\t\t<a href=\"https:\/\/www.vodacom.cd\/\">\n\t\t\t\t\t\t\t<img loading=\"lazy\" decoding=\"async\" width=\"360\" height=\"360\" src=\"https:\/\/demo.cmd.cd\/wp-content\/uploads\/2024\/09\/vodacom.jpg\" class=\"attachment-large size-large wp-image-760\" alt=\"Vodacom\" srcset=\"https:\/\/demo.cmd.cd\/wp-content\/uploads\/2024\/09\/vodacom.jpg 360w, https:\/\/demo.cmd.cd\/wp-content\/uploads\/2024\/09\/vodacom-300x300.jpg 300w, https:\/\/demo.cmd.cd\/wp-content\/uploads\/2024\/09\/vodacom-150x150.jpg 150w, https:\/\/demo.cmd.cd\/wp-content\/uploads\/2024\/09\/vodacom-12x12.jpg 12w\" sizes=\"(max-width: 360px) 100vw, 360px\" \/>\t\t\t\t\t\t\t\t<\/a>\n\t\t\t\t\t\t\t\t\t\t\t<figcaption class=\"widget-image-caption wp-caption-text\">Vodacom<\/figcaption>\n\t\t\t\t\t\t\t\t\t\t<\/figure>\n\t\t\t\t\t\t\t\t\t<\/div>\n\t\t\t\t<\/div>\n\t\t\t\t<\/div>\n\t\t\t\t\t\t\t<\/div>","protected":false},"excerpt":{"rendered":"<p>Nos clients CNSSAP CMP Ecobank FPM MSI Mayfair Pasa-NK Rawbank Tenke Fungurume Vodacom<\/p>","protected":false},"author":1,"featured_media":338,"parent":0,"menu_order":0,"comment_status":"closed","ping_status":"closed","template":"elementor_header_footer","meta":{"_acf_changed":false,"footnotes":""},"class_list":["post-740","page","type-page","status-publish","has-post-thumbnail","hentry"],"acf":[],"yoast_head":"<!-- This site is optimized with the Yoast SEO plugin v25.8 - https:\/\/yoast.com\/wordpress\/plugins\/seo\/ -->\n<title>Nos clients - Centre M\u00e9dical Diamant<\/title>\n<meta name=\"robots\" content=\"index, follow, max-snippet:-1, max-image-preview:large, max-video-preview:-1\" \/>\n<link rel=\"canonical\" href=\"https:\/\/demo.cmd.cd\/en\/nos-clients\/\" \/>\n<meta property=\"og:locale\" content=\"en_US\" \/>\n<meta property=\"og:type\" content=\"article\" \/>\n<meta property=\"og:title\" content=\"Nos clients - Centre M\u00e9dical Diamant\" \/>\n<meta property=\"og:description\" content=\"Nos clients CNSSAP CMP Ecobank FPM MSI Mayfair Pasa-NK Rawbank Tenke Fungurume Vodacom\" \/>\n<meta property=\"og:url\" content=\"https:\/\/demo.cmd.cd\/en\/nos-clients\/\" \/>\n<meta property=\"og:site_name\" content=\"Centre M\u00e9dical Diamant\" \/>\n<meta property=\"article:modified_time\" content=\"2025-03-14T17:42:09+00:00\" \/>\n<meta property=\"og:image\" content=\"https:\/\/demo.cmd.cd\/wp-content\/uploads\/2024\/06\/career-bg-1.jpg\" \/>\n\t<meta property=\"og:image:width\" content=\"1349\" \/>\n\t<meta property=\"og:image:height\" content=\"450\" \/>\n\t<meta property=\"og:image:type\" content=\"image\/jpeg\" \/>\n<meta name=\"twitter:card\" content=\"summary_large_image\" \/>\n<meta name=\"twitter:label1\" content=\"Est. reading time\" \/>\n\t<meta name=\"twitter:data1\" content=\"3 minutes\" \/>\n<script type=\"application\/ld+json\" class=\"yoast-schema-graph\">{\"@context\":\"https:\/\/schema.org\",\"@graph\":[{\"@type\":\"WebPage\",\"@id\":\"https:\/\/demo.cmd.cd\/nos-clients\/\",\"url\":\"https:\/\/demo.cmd.cd\/nos-clients\/\",\"name\":\"Nos clients - Centre M\u00e9dical Diamant\",\"isPartOf\":{\"@id\":\"https:\/\/demo.cmd.cd\/#website\"},\"primaryImageOfPage\":{\"@id\":\"https:\/\/demo.cmd.cd\/nos-clients\/#primaryimage\"},\"image\":{\"@id\":\"https:\/\/demo.cmd.cd\/nos-clients\/#primaryimage\"},\"thumbnailUrl\":\"https:\/\/demo.cmd.cd\/wp-content\/uploads\/2024\/06\/career-bg-1.jpg\",\"datePublished\":\"2024-09-16T11:09:24+00:00\",\"dateModified\":\"2025-03-14T17:42:09+00:00\",\"breadcrumb\":{\"@id\":\"https:\/\/demo.cmd.cd\/nos-clients\/#breadcrumb\"},\"inLanguage\":\"en-US\",\"potentialAction\":[{\"@type\":\"ReadAction\",\"target\":[\"https:\/\/demo.cmd.cd\/nos-clients\/\"]}]},{\"@type\":\"ImageObject\",\"inLanguage\":\"en-US\",\"@id\":\"https:\/\/demo.cmd.cd\/nos-clients\/#primaryimage\",\"url\":\"https:\/\/demo.cmd.cd\/wp-content\/uploads\/2024\/06\/career-bg-1.jpg\",\"contentUrl\":\"https:\/\/demo.cmd.cd\/wp-content\/uploads\/2024\/06\/career-bg-1.jpg\",\"width\":1349,\"height\":450},{\"@type\":\"BreadcrumbList\",\"@id\":\"https:\/\/demo.cmd.cd\/nos-clients\/#breadcrumb\",\"itemListElement\":[{\"@type\":\"ListItem\",\"position\":1,\"name\":\"Home\",\"item\":\"https:\/\/demo.cmd.cd\/\"},{\"@type\":\"ListItem\",\"position\":2,\"name\":\"Nos clients\"}]},{\"@type\":\"WebSite\",\"@id\":\"https:\/\/demo.cmd.cd\/#website\",\"url\":\"https:\/\/demo.cmd.cd\/\",\"name\":\"Centre M\u00e9dical Diamant\",\"description\":\"Votre sant\u00e9 , notre priorit\u00e9\",\"publisher\":{\"@id\":\"https:\/\/demo.cmd.cd\/#organization\"},\"potentialAction\":[{\"@type\":\"SearchAction\",\"target\":{\"@type\":\"EntryPoint\",\"urlTemplate\":\"https:\/\/demo.cmd.cd\/?s={search_term_string}\"},\"query-input\":{\"@type\":\"PropertyValueSpecification\",\"valueRequired\":true,\"valueName\":\"search_term_string\"}}],\"inLanguage\":\"en-US\"},{\"@type\":\"Organization\",\"@id\":\"https:\/\/demo.cmd.cd\/#organization\",\"name\":\"Centre M\u00e9dical Diamant\",\"url\":\"https:\/\/demo.cmd.cd\/\",\"logo\":{\"@type\":\"ImageObject\",\"inLanguage\":\"en-US\",\"@id\":\"https:\/\/demo.cmd.cd\/#\/schema\/logo\/image\/\",\"url\":\"https:\/\/demo.cmd.cd\/wp-content\/uploads\/2024\/01\/logo-hight-CMD-scaled.jpg\",\"contentUrl\":\"https:\/\/demo.cmd.cd\/wp-content\/uploads\/2024\/01\/logo-hight-CMD-scaled.jpg\",\"width\":2560,\"height\":1811,\"caption\":\"Centre M\u00e9dical Diamant\"},\"image\":{\"@id\":\"https:\/\/demo.cmd.cd\/#\/schema\/logo\/image\/\"}}]}<\/script>\n<!-- \/ Yoast SEO plugin. -->","yoast_head_json":{"title":"Nos clients - Centre M\u00e9dical Diamant","robots":{"index":"index","follow":"follow","max-snippet":"max-snippet:-1","max-image-preview":"max-image-preview:large","max-video-preview":"max-video-preview:-1"},"canonical":"https:\/\/demo.cmd.cd\/en\/nos-clients\/","og_locale":"en_US","og_type":"article","og_title":"Nos clients - Centre M\u00e9dical Diamant","og_description":"Nos clients CNSSAP CMP Ecobank FPM MSI Mayfair Pasa-NK Rawbank Tenke Fungurume Vodacom","og_url":"https:\/\/demo.cmd.cd\/en\/nos-clients\/","og_site_name":"Centre M\u00e9dical Diamant","article_modified_time":"2025-03-14T17:42:09+00:00","og_image":[{"width":1349,"height":450,"url":"https:\/\/demo.cmd.cd\/wp-content\/uploads\/2024\/06\/career-bg-1.jpg","type":"image\/jpeg"}],"twitter_card":"summary_large_image","twitter_misc":{"Est. reading time":"3 minutes"},"schema":{"@context":"https:\/\/schema.org","@graph":[{"@type":"WebPage","@id":"https:\/\/demo.cmd.cd\/nos-clients\/","url":"https:\/\/demo.cmd.cd\/nos-clients\/","name":"Nos clients - Centre M\u00e9dical Diamant","isPartOf":{"@id":"https:\/\/demo.cmd.cd\/#website"},"primaryImageOfPage":{"@id":"https:\/\/demo.cmd.cd\/nos-clients\/#primaryimage"},"image":{"@id":"https:\/\/demo.cmd.cd\/nos-clients\/#primaryimage"},"thumbnailUrl":"https:\/\/demo.cmd.cd\/wp-content\/uploads\/2024\/06\/career-bg-1.jpg","datePublished":"2024-09-16T11:09:24+00:00","dateModified":"2025-03-14T17:42:09+00:00","breadcrumb":{"@id":"https:\/\/demo.cmd.cd\/nos-clients\/#breadcrumb"},"inLanguage":"en-US","potentialAction":[{"@type":"ReadAction","target":["https:\/\/demo.cmd.cd\/nos-clients\/"]}]},{"@type":"ImageObject","inLanguage":"en-US","@id":"https:\/\/demo.cmd.cd\/nos-clients\/#primaryimage","url":"https:\/\/demo.cmd.cd\/wp-content\/uploads\/2024\/06\/career-bg-1.jpg","contentUrl":"https:\/\/demo.cmd.cd\/wp-content\/uploads\/2024\/06\/career-bg-1.jpg","width":1349,"height":450},{"@type":"BreadcrumbList","@id":"https:\/\/demo.cmd.cd\/nos-clients\/#breadcrumb","itemListElement":[{"@type":"ListItem","position":1,"name":"Home","item":"https:\/\/demo.cmd.cd\/"},{"@type":"ListItem","position":2,"name":"Nos clients"}]},{"@type":"WebSite","@id":"https:\/\/demo.cmd.cd\/#website","url":"https:\/\/demo.cmd.cd\/","name":"Centre M\u00e9dical Diamant","description":"Votre sant\u00e9 , notre priorit\u00e9","publisher":{"@id":"https:\/\/demo.cmd.cd\/#organization"},"potentialAction":[{"@type":"SearchAction","target":{"@type":"EntryPoint","urlTemplate":"https:\/\/demo.cmd.cd\/?s={search_term_string}"},"query-input":{"@type":"PropertyValueSpecification","valueRequired":true,"valueName":"search_term_string"}}],"inLanguage":"en-US"},{"@type":"Organization","@id":"https:\/\/demo.cmd.cd\/#organization","name":"Centre M\u00e9dical Diamant","url":"https:\/\/demo.cmd.cd\/","logo":{"@type":"ImageObject","inLanguage":"en-US","@id":"https:\/\/demo.cmd.cd\/#\/schema\/logo\/image\/","url":"https:\/\/demo.cmd.cd\/wp-content\/uploads\/2024\/01\/logo-hight-CMD-scaled.jpg","contentUrl":"https:\/\/demo.cmd.cd\/wp-content\/uploads\/2024\/01\/logo-hight-CMD-scaled.jpg","width":2560,"height":1811,"caption":"Centre M\u00e9dical Diamant"},"image":{"@id":"https:\/\/demo.cmd.cd\/#\/schema\/logo\/image\/"}}]}},"_links":{"self":[{"href":"https:\/\/demo.cmd.cd\/en\/wp-json\/wp\/v2\/pages\/740","targetHints":{"allow":["GET"]}}],"collection":[{"href":"https:\/\/demo.cmd.cd\/en\/wp-json\/wp\/v2\/pages"}],"about":[{"href":"https:\/\/demo.cmd.cd\/en\/wp-json\/wp\/v2\/types\/page"}],"author":[{"embeddable":true,"href":"https:\/\/demo.cmd.cd\/en\/wp-json\/wp\/v2\/users\/1"}],"replies":[{"embeddable":true,"href":"https:\/\/demo.cmd.cd\/en\/wp-json\/wp\/v2\/comments?post=740"}],"version-history":[{"count":20,"href":"https:\/\/demo.cmd.cd\/en\/wp-json\/wp\/v2\/pages\/740\/revisions"}],"predecessor-version":[{"id":781,"href":"https:\/\/demo.cmd.cd\/en\/wp-json\/wp\/v2\/pages\/740\/revisions\/781"}],"wp:featuredmedia":[{"embeddable":true,"href":"https:\/\/demo.cmd.cd\/en\/wp-json\/wp\/v2\/media\/338"}],"wp:attachment":[{"href":"https:\/\/demo.cmd.cd\/en\/wp-json\/wp\/v2\/media?parent=740"}],"curies":[{"name":"wp","href":"https:\/\/api.w.org\/{rel}","templated":true}]}}