{"id":826,"date":"2024-09-16T12:30:34","date_gmt":"2024-09-16T12:30:34","guid":{"rendered":"https:\/\/demo.cmd.cd\/?page_id=826"},"modified":"2025-03-14T17:42:08","modified_gmt":"2025-03-14T17:42:08","slug":"assurances-internationales","status":"publish","type":"page","link":"https:\/\/demo.cmd.cd\/en\/assurances\/assurances-internationales\/","title":{"rendered":"Assurances internationales"},"content":{"rendered":"<div data-elementor-type=\"wp-page\" data-elementor-id=\"826\" class=\"elementor elementor-826\" data-elementor-post-type=\"page\">\n\t\t\t\t\t\t\t<div class=\"elementor-element elementor-element-2a2995f e-flex e-con-boxed e-con e-parent\" data-id=\"2a2995f\" data-element_type=\"container\" data-settings=\"{&quot;content_width&quot;:&quot;boxed&quot;}\" data-core-v316-plus=\"true\">\n\t\t\t\t\t<div class=\"e-con-inner\">\n\t\t\t\t<div class=\"elementor-element elementor-element-b5c4a47 elementor-widget elementor-widget-theme-post-featured-image elementor-widget-image\" data-id=\"b5c4a47\" data-element_type=\"widget\" data-widget_type=\"theme-post-featured-image.default\">\n\t\t\t\t<div class=\"elementor-widget-container\">\n\t\t\t<style>\/*! elementor - v3.18.0 - 20-12-2023 *\/\n.elementor-widget-image{text-align:center}.elementor-widget-image a{display:inline-block}.elementor-widget-image a img[src$=\".svg\"]{width:48px}.elementor-widget-image img{vertical-align:middle;display:inline-block}<\/style>\t\t\t\t\t\t\t\t\t\t\t\t<img fetchpriority=\"high\" decoding=\"async\" width=\"800\" height=\"267\" src=\"https:\/\/demo.cmd.cd\/wp-content\/uploads\/2024\/06\/career-bg-1-1024x342.jpg\" class=\"attachment-large size-large wp-image-338\" alt=\"\" srcset=\"https:\/\/demo.cmd.cd\/wp-content\/uploads\/2024\/06\/career-bg-1-1024x342.jpg 1024w, https:\/\/demo.cmd.cd\/wp-content\/uploads\/2024\/06\/career-bg-1-300x100.jpg 300w, https:\/\/demo.cmd.cd\/wp-content\/uploads\/2024\/06\/career-bg-1-768x256.jpg 768w, https:\/\/demo.cmd.cd\/wp-content\/uploads\/2024\/06\/career-bg-1-18x6.jpg 18w, https:\/\/demo.cmd.cd\/wp-content\/uploads\/2024\/06\/career-bg-1.jpg 1349w\" sizes=\"(max-width: 800px) 100vw, 800px\" \/>\t\t\t\t\t\t\t\t\t\t\t\t\t\t\t<\/div>\n\t\t\t\t<\/div>\n\t\t\t\t\t<\/div>\n\t\t\t\t<\/div>\n\t\t<div class=\"elementor-element elementor-element-25a8cae7 e-flex e-con-boxed e-con e-parent\" data-id=\"25a8cae7\" data-element_type=\"container\" data-settings=\"{&quot;content_width&quot;:&quot;boxed&quot;}\" data-core-v316-plus=\"true\">\n\t\t\t\t\t<div class=\"e-con-inner\">\n\t\t<div class=\"elementor-element elementor-element-1163c694 e-con-full e-flex e-con e-child\" data-id=\"1163c694\" data-element_type=\"container\" data-settings=\"{&quot;content_width&quot;:&quot;full&quot;}\">\n\t\t\t\t<div class=\"elementor-element elementor-element-37455a3 elementor-invisible elementor-widget elementor-widget-heading\" data-id=\"37455a3\" data-element_type=\"widget\" data-settings=\"{&quot;_animation&quot;:&quot;fadeIn&quot;}\" data-widget_type=\"heading.default\">\n\t\t\t\t<div class=\"elementor-widget-container\">\n\t\t\t<style>\/*! elementor - v3.18.0 - 20-12-2023 *\/\n.elementor-heading-title{padding:0;margin:0;line-height:1}.elementor-widget-heading .elementor-heading-title[class*=elementor-size-]>a{color:inherit;font-size:inherit;line-height:inherit}.elementor-widget-heading .elementor-heading-title.elementor-size-small{font-size:15px}.elementor-widget-heading .elementor-heading-title.elementor-size-medium{font-size:19px}.elementor-widget-heading .elementor-heading-title.elementor-size-large{font-size:29px}.elementor-widget-heading .elementor-heading-title.elementor-size-xl{font-size:39px}.elementor-widget-heading .elementor-heading-title.elementor-size-xxl{font-size:59px}<\/style><h1 class=\"elementor-heading-title elementor-size-default\">Assurances internationales<\/h1>\t\t<\/div>\n\t\t\t\t<\/div>\n\t\t\t\t<\/div>\n\t\t\t\t\t<\/div>\n\t\t\t\t<\/div>\n\t\t<div class=\"elementor-element elementor-element-1b9db99 e-flex e-con-boxed e-con e-parent\" data-id=\"1b9db99\" data-element_type=\"container\" data-settings=\"{&quot;content_width&quot;:&quot;boxed&quot;}\" data-core-v316-plus=\"true\">\n\t\t\t\t\t<div class=\"e-con-inner\">\n\t\t<div class=\"elementor-element elementor-element-a48aa99 e-con-full e-flex e-con e-child\" data-id=\"a48aa99\" data-element_type=\"container\" data-settings=\"{&quot;content_width&quot;:&quot;full&quot;}\">\n\t\t\t\t<div class=\"elementor-element elementor-element-cb379cf elementor-widget elementor-widget-image\" data-id=\"cb379cf\" data-element_type=\"widget\" data-widget_type=\"image.default\">\n\t\t\t\t<div class=\"elementor-widget-container\">\n\t\t\t\t\t\t\t\t\t\t\t\t<figure class=\"wp-caption\">\n\t\t\t\t\t\t\t\t\t\t\t<a href=\"https:\/\/www.africafirstassist.com\/\">\n\t\t\t\t\t\t\t<img decoding=\"async\" width=\"360\" height=\"360\" src=\"https:\/\/demo.cmd.cd\/wp-content\/uploads\/2024\/09\/africa_first_assist.jpg\" class=\"attachment-large size-large wp-image-846\" alt=\"Africa First Assist\" srcset=\"https:\/\/demo.cmd.cd\/wp-content\/uploads\/2024\/09\/africa_first_assist.jpg 360w, https:\/\/demo.cmd.cd\/wp-content\/uploads\/2024\/09\/africa_first_assist-300x300.jpg 300w, https:\/\/demo.cmd.cd\/wp-content\/uploads\/2024\/09\/africa_first_assist-150x150.jpg 150w, https:\/\/demo.cmd.cd\/wp-content\/uploads\/2024\/09\/africa_first_assist-12x12.jpg 12w\" sizes=\"(max-width: 360px) 100vw, 360px\" \/>\t\t\t\t\t\t\t\t<\/a>\n\t\t\t\t\t\t\t\t\t\t\t<figcaption class=\"widget-image-caption wp-caption-text\">Africa First Assist<\/figcaption>\n\t\t\t\t\t\t\t\t\t\t<\/figure>\n\t\t\t\t\t\t\t\t\t<\/div>\n\t\t\t\t<\/div>\n\t\t\t\t<\/div>\n\t\t<div class=\"elementor-element elementor-element-ccb32ce e-con-full e-flex e-con e-child\" data-id=\"ccb32ce\" data-element_type=\"container\" data-settings=\"{&quot;content_width&quot;:&quot;full&quot;}\">\n\t\t\t\t<div class=\"elementor-element elementor-element-ae5879d elementor-widget elementor-widget-image\" data-id=\"ae5879d\" data-element_type=\"widget\" data-widget_type=\"image.default\">\n\t\t\t\t<div class=\"elementor-widget-container\">\n\t\t\t\t\t\t\t\t\t\t\t\t<figure class=\"wp-caption\">\n\t\t\t\t\t\t\t\t\t\t\t<a href=\"https:\/\/www.allianz.com\/\">\n\t\t\t\t\t\t\t<img decoding=\"async\" width=\"360\" height=\"360\" src=\"https:\/\/demo.cmd.cd\/wp-content\/uploads\/2024\/09\/allianz.jpg\" class=\"attachment-large size-large wp-image-847\" alt=\"Allianz\" srcset=\"https:\/\/demo.cmd.cd\/wp-content\/uploads\/2024\/09\/allianz.jpg 360w, https:\/\/demo.cmd.cd\/wp-content\/uploads\/2024\/09\/allianz-300x300.jpg 300w, https:\/\/demo.cmd.cd\/wp-content\/uploads\/2024\/09\/allianz-150x150.jpg 150w, https:\/\/demo.cmd.cd\/wp-content\/uploads\/2024\/09\/allianz-12x12.jpg 12w\" sizes=\"(max-width: 360px) 100vw, 360px\" \/>\t\t\t\t\t\t\t\t<\/a>\n\t\t\t\t\t\t\t\t\t\t\t<figcaption class=\"widget-image-caption wp-caption-text\">Allianz<\/figcaption>\n\t\t\t\t\t\t\t\t\t\t<\/figure>\n\t\t\t\t\t\t\t\t\t<\/div>\n\t\t\t\t<\/div>\n\t\t\t\t<\/div>\n\t\t<div class=\"elementor-element elementor-element-2a84b08 e-con-full e-flex e-con e-child\" data-id=\"2a84b08\" data-element_type=\"container\" data-settings=\"{&quot;content_width&quot;:&quot;full&quot;}\">\n\t\t\t\t<div class=\"elementor-element elementor-element-3b5db1b elementor-widget elementor-widget-image\" data-id=\"3b5db1b\" data-element_type=\"widget\" data-widget_type=\"image.default\">\n\t\t\t\t<div class=\"elementor-widget-container\">\n\t\t\t\t\t\t\t\t\t\t\t\t<figure class=\"wp-caption\">\n\t\t\t\t\t\t\t\t\t\t\t<a href=\"https:\/\/atlas-life.com\/\">\n\t\t\t\t\t\t\t<img loading=\"lazy\" decoding=\"async\" width=\"360\" height=\"360\" src=\"https:\/\/demo.cmd.cd\/wp-content\/uploads\/2024\/09\/atlas_life.jpg\" class=\"attachment-large size-large wp-image-849\" alt=\"Atlas Life\" srcset=\"https:\/\/demo.cmd.cd\/wp-content\/uploads\/2024\/09\/atlas_life.jpg 360w, https:\/\/demo.cmd.cd\/wp-content\/uploads\/2024\/09\/atlas_life-300x300.jpg 300w, https:\/\/demo.cmd.cd\/wp-content\/uploads\/2024\/09\/atlas_life-150x150.jpg 150w, https:\/\/demo.cmd.cd\/wp-content\/uploads\/2024\/09\/atlas_life-12x12.jpg 12w\" sizes=\"(max-width: 360px) 100vw, 360px\" \/>\t\t\t\t\t\t\t\t<\/a>\n\t\t\t\t\t\t\t\t\t\t\t<figcaption class=\"widget-image-caption wp-caption-text\">Atlas Life<\/figcaption>\n\t\t\t\t\t\t\t\t\t\t<\/figure>\n\t\t\t\t\t\t\t\t\t<\/div>\n\t\t\t\t<\/div>\n\t\t\t\t<\/div>\n\t\t<div class=\"elementor-element elementor-element-7404472 e-con-full e-flex e-con e-child\" data-id=\"7404472\" data-element_type=\"container\" data-settings=\"{&quot;content_width&quot;:&quot;full&quot;}\">\n\t\t\t\t<div class=\"elementor-element elementor-element-6177f6d elementor-widget elementor-widget-image\" data-id=\"6177f6d\" data-element_type=\"widget\" data-widget_type=\"image.default\">\n\t\t\t\t<div class=\"elementor-widget-container\">\n\t\t\t\t\t\t\t\t\t\t\t\t<figure class=\"wp-caption\">\n\t\t\t\t\t\t\t\t\t\t\t<a href=\"https:\/\/www.bupa.com\/\">\n\t\t\t\t\t\t\t<img loading=\"lazy\" decoding=\"async\" width=\"360\" height=\"360\" src=\"https:\/\/demo.cmd.cd\/wp-content\/uploads\/2024\/09\/bupa.jpg\" class=\"attachment-large size-large wp-image-852\" alt=\"Bupa\" srcset=\"https:\/\/demo.cmd.cd\/wp-content\/uploads\/2024\/09\/bupa.jpg 360w, https:\/\/demo.cmd.cd\/wp-content\/uploads\/2024\/09\/bupa-300x300.jpg 300w, https:\/\/demo.cmd.cd\/wp-content\/uploads\/2024\/09\/bupa-150x150.jpg 150w, https:\/\/demo.cmd.cd\/wp-content\/uploads\/2024\/09\/bupa-12x12.jpg 12w\" sizes=\"(max-width: 360px) 100vw, 360px\" \/>\t\t\t\t\t\t\t\t<\/a>\n\t\t\t\t\t\t\t\t\t\t\t<figcaption class=\"widget-image-caption wp-caption-text\">Bupa<\/figcaption>\n\t\t\t\t\t\t\t\t\t\t<\/figure>\n\t\t\t\t\t\t\t\t\t<\/div>\n\t\t\t\t<\/div>\n\t\t\t\t<\/div>\n\t\t<div class=\"elementor-element elementor-element-1b99068 e-con-full e-flex e-con e-child\" data-id=\"1b99068\" data-element_type=\"container\" data-settings=\"{&quot;content_width&quot;:&quot;full&quot;}\">\n\t\t\t\t<div class=\"elementor-element elementor-element-19126f9 elementor-widget elementor-widget-image\" data-id=\"19126f9\" data-element_type=\"widget\" data-widget_type=\"image.default\">\n\t\t\t\t<div class=\"elementor-widget-container\">\n\t\t\t\t\t\t\t\t\t\t\t\t<figure class=\"wp-caption\">\n\t\t\t\t\t\t\t\t\t\t\t<a href=\"https:\/\/www.cigna.com\/\">\n\t\t\t\t\t\t\t<img loading=\"lazy\" decoding=\"async\" width=\"360\" height=\"360\" src=\"https:\/\/demo.cmd.cd\/wp-content\/uploads\/2024\/09\/cigna.jpg\" class=\"attachment-large size-large wp-image-857\" alt=\"Cigna\" srcset=\"https:\/\/demo.cmd.cd\/wp-content\/uploads\/2024\/09\/cigna.jpg 360w, https:\/\/demo.cmd.cd\/wp-content\/uploads\/2024\/09\/cigna-300x300.jpg 300w, https:\/\/demo.cmd.cd\/wp-content\/uploads\/2024\/09\/cigna-150x150.jpg 150w, https:\/\/demo.cmd.cd\/wp-content\/uploads\/2024\/09\/cigna-12x12.jpg 12w\" sizes=\"(max-width: 360px) 100vw, 360px\" \/>\t\t\t\t\t\t\t\t<\/a>\n\t\t\t\t\t\t\t\t\t\t\t<figcaption class=\"widget-image-caption wp-caption-text\">Cigna<\/figcaption>\n\t\t\t\t\t\t\t\t\t\t<\/figure>\n\t\t\t\t\t\t\t\t\t<\/div>\n\t\t\t\t<\/div>\n\t\t\t\t<\/div>\n\t\t<div class=\"elementor-element elementor-element-e5a9391 e-con-full e-flex e-con e-child\" data-id=\"e5a9391\" data-element_type=\"container\" data-settings=\"{&quot;content_width&quot;:&quot;full&quot;}\">\n\t\t\t\t<div class=\"elementor-element elementor-element-b007ff5 elementor-widget elementor-widget-image\" data-id=\"b007ff5\" data-element_type=\"widget\" data-widget_type=\"image.default\">\n\t\t\t\t<div class=\"elementor-widget-container\">\n\t\t\t\t\t\t\t\t\t\t\t\t<figure class=\"wp-caption\">\n\t\t\t\t\t\t\t\t\t\t\t<a href=\"https:\/\/www.international-health-cover.com\/medical-insurance-providers\/henner.html\">\n\t\t\t\t\t\t\t<img loading=\"lazy\" decoding=\"async\" width=\"360\" height=\"360\" src=\"https:\/\/demo.cmd.cd\/wp-content\/uploads\/2024\/09\/gmc.jpg\" class=\"attachment-large size-large wp-image-865\" alt=\"GMC\" srcset=\"https:\/\/demo.cmd.cd\/wp-content\/uploads\/2024\/09\/gmc.jpg 360w, https:\/\/demo.cmd.cd\/wp-content\/uploads\/2024\/09\/gmc-300x300.jpg 300w, https:\/\/demo.cmd.cd\/wp-content\/uploads\/2024\/09\/gmc-150x150.jpg 150w, https:\/\/demo.cmd.cd\/wp-content\/uploads\/2024\/09\/gmc-12x12.jpg 12w\" sizes=\"(max-width: 360px) 100vw, 360px\" \/>\t\t\t\t\t\t\t\t<\/a>\n\t\t\t\t\t\t\t\t\t\t\t<figcaption class=\"widget-image-caption wp-caption-text\">GMC<\/figcaption>\n\t\t\t\t\t\t\t\t\t\t<\/figure>\n\t\t\t\t\t\t\t\t\t<\/div>\n\t\t\t\t<\/div>\n\t\t\t\t<\/div>\n\t\t<div class=\"elementor-element elementor-element-8c2adea e-con-full e-flex e-con e-child\" data-id=\"8c2adea\" data-element_type=\"container\" data-settings=\"{&quot;content_width&quot;:&quot;full&quot;}\">\n\t\t\t\t<div class=\"elementor-element elementor-element-59d33c9 elementor-widget elementor-widget-image\" data-id=\"59d33c9\" data-element_type=\"widget\" data-widget_type=\"image.default\">\n\t\t\t\t<div class=\"elementor-widget-container\">\n\t\t\t\t\t\t\t\t\t\t\t\t<figure class=\"wp-caption\">\n\t\t\t\t\t\t\t\t\t\t\t<a href=\"https:\/\/healix.com\/\">\n\t\t\t\t\t\t\t<img loading=\"lazy\" decoding=\"async\" width=\"360\" height=\"360\" src=\"https:\/\/demo.cmd.cd\/wp-content\/uploads\/2024\/09\/healix.jpg\" class=\"attachment-large size-large wp-image-867\" alt=\"healix\" srcset=\"https:\/\/demo.cmd.cd\/wp-content\/uploads\/2024\/09\/healix.jpg 360w, https:\/\/demo.cmd.cd\/wp-content\/uploads\/2024\/09\/healix-300x300.jpg 300w, https:\/\/demo.cmd.cd\/wp-content\/uploads\/2024\/09\/healix-150x150.jpg 150w, https:\/\/demo.cmd.cd\/wp-content\/uploads\/2024\/09\/healix-12x12.jpg 12w\" sizes=\"(max-width: 360px) 100vw, 360px\" \/>\t\t\t\t\t\t\t\t<\/a>\n\t\t\t\t\t\t\t\t\t\t\t<figcaption class=\"widget-image-caption wp-caption-text\">healix<\/figcaption>\n\t\t\t\t\t\t\t\t\t\t<\/figure>\n\t\t\t\t\t\t\t\t\t<\/div>\n\t\t\t\t<\/div>\n\t\t\t\t<\/div>\n\t\t<div class=\"elementor-element elementor-element-e7cd9a0 e-con-full e-flex e-con e-child\" data-id=\"e7cd9a0\" data-element_type=\"container\" data-settings=\"{&quot;content_width&quot;:&quot;full&quot;}\">\n\t\t\t\t<div class=\"elementor-element elementor-element-0cbd0ca elementor-widget elementor-widget-image\" data-id=\"0cbd0ca\" data-element_type=\"widget\" data-widget_type=\"image.default\">\n\t\t\t\t<div class=\"elementor-widget-container\">\n\t\t\t\t\t\t\t\t\t\t\t\t<figure class=\"wp-caption\">\n\t\t\t\t\t\t\t\t\t\t\t<a href=\"https:\/\/www.msh-intl.com\/\">\n\t\t\t\t\t\t\t<img loading=\"lazy\" decoding=\"async\" width=\"360\" height=\"360\" src=\"https:\/\/demo.cmd.cd\/wp-content\/uploads\/2024\/09\/msh.jpg\" class=\"attachment-large size-large wp-image-869\" alt=\"MSH\" srcset=\"https:\/\/demo.cmd.cd\/wp-content\/uploads\/2024\/09\/msh.jpg 360w, https:\/\/demo.cmd.cd\/wp-content\/uploads\/2024\/09\/msh-300x300.jpg 300w, https:\/\/demo.cmd.cd\/wp-content\/uploads\/2024\/09\/msh-150x150.jpg 150w, https:\/\/demo.cmd.cd\/wp-content\/uploads\/2024\/09\/msh-12x12.jpg 12w\" sizes=\"(max-width: 360px) 100vw, 360px\" \/>\t\t\t\t\t\t\t\t<\/a>\n\t\t\t\t\t\t\t\t\t\t\t<figcaption class=\"widget-image-caption wp-caption-text\">MSH<\/figcaption>\n\t\t\t\t\t\t\t\t\t\t<\/figure>\n\t\t\t\t\t\t\t\t\t<\/div>\n\t\t\t\t<\/div>\n\t\t\t\t<\/div>\n\t\t<div class=\"elementor-element elementor-element-f4a3b7e e-con-full e-flex e-con e-child\" data-id=\"f4a3b7e\" data-element_type=\"container\" data-settings=\"{&quot;content_width&quot;:&quot;full&quot;}\">\n\t\t\t\t<div class=\"elementor-element elementor-element-383dcf8 elementor-widget elementor-widget-image\" data-id=\"383dcf8\" data-element_type=\"widget\" data-widget_type=\"image.default\">\n\t\t\t\t<div class=\"elementor-widget-container\">\n\t\t\t\t\t\t\t\t\t\t\t\t<figure class=\"wp-caption\">\n\t\t\t\t\t\t\t\t\t\t<img loading=\"lazy\" decoding=\"async\" width=\"360\" height=\"360\" src=\"https:\/\/demo.cmd.cd\/wp-content\/uploads\/2024\/09\/our_health.jpg\" class=\"attachment-large size-large wp-image-871\" alt=\"Our Health\" srcset=\"https:\/\/demo.cmd.cd\/wp-content\/uploads\/2024\/09\/our_health.jpg 360w, https:\/\/demo.cmd.cd\/wp-content\/uploads\/2024\/09\/our_health-300x300.jpg 300w, https:\/\/demo.cmd.cd\/wp-content\/uploads\/2024\/09\/our_health-150x150.jpg 150w, https:\/\/demo.cmd.cd\/wp-content\/uploads\/2024\/09\/our_health-12x12.jpg 12w\" sizes=\"(max-width: 360px) 100vw, 360px\" \/>\t\t\t\t\t\t\t\t\t\t\t<figcaption class=\"widget-image-caption wp-caption-text\">Our Health<\/figcaption>\n\t\t\t\t\t\t\t\t\t\t<\/figure>\n\t\t\t\t\t\t\t\t\t<\/div>\n\t\t\t\t<\/div>\n\t\t\t\t<\/div>\n\t\t\t\t\t<\/div>\n\t\t\t\t<\/div>\n\t\t<div class=\"elementor-element elementor-element-37cf911 e-flex e-con-boxed e-con e-parent\" data-id=\"37cf911\" data-element_type=\"container\" data-settings=\"{&quot;content_width&quot;:&quot;boxed&quot;}\" data-core-v316-plus=\"true\">\n\t\t\t\t\t<div class=\"e-con-inner\">\n\t\t\t\t\t<\/div>\n\t\t\t\t<\/div>\n\t\t\t\t\t\t\t<\/div>","protected":false},"excerpt":{"rendered":"<p>Assurances internationales Africa First Assist Allianz Atlas Life Bupa Cigna GMC healix MSH Our Health<\/p>","protected":false},"author":1,"featured_media":338,"parent":818,"menu_order":0,"comment_status":"closed","ping_status":"closed","template":"elementor_header_footer","meta":{"_acf_changed":false,"footnotes":""},"class_list":["post-826","page","type-page","status-publish","has-post-thumbnail","hentry"],"acf":[],"yoast_head":"<!-- This site is optimized with the Yoast SEO plugin v25.8 - https:\/\/yoast.com\/wordpress\/plugins\/seo\/ -->\n<title>Assurances internationales - Centre M\u00e9dical Diamant<\/title>\n<meta name=\"robots\" content=\"index, follow, max-snippet:-1, max-image-preview:large, max-video-preview:-1\" \/>\n<link rel=\"canonical\" href=\"https:\/\/demo.cmd.cd\/en\/assurances\/assurances-internationales\/\" \/>\n<meta property=\"og:locale\" content=\"en_US\" \/>\n<meta property=\"og:type\" content=\"article\" \/>\n<meta property=\"og:title\" content=\"Assurances internationales - Centre M\u00e9dical Diamant\" \/>\n<meta property=\"og:description\" content=\"Assurances internationales Africa First Assist Allianz Atlas Life Bupa Cigna GMC healix MSH Our Health\" \/>\n<meta property=\"og:url\" content=\"https:\/\/demo.cmd.cd\/en\/assurances\/assurances-internationales\/\" \/>\n<meta property=\"og:site_name\" content=\"Centre M\u00e9dical Diamant\" \/>\n<meta property=\"article:modified_time\" content=\"2025-03-14T17:42:08+00:00\" \/>\n<meta property=\"og:image\" content=\"https:\/\/demo.cmd.cd\/wp-content\/uploads\/2024\/06\/career-bg-1.jpg\" \/>\n\t<meta property=\"og:image:width\" content=\"1349\" \/>\n\t<meta property=\"og:image:height\" content=\"450\" \/>\n\t<meta property=\"og:image:type\" content=\"image\/jpeg\" \/>\n<meta name=\"twitter:card\" content=\"summary_large_image\" \/>\n<meta name=\"twitter:label1\" content=\"Est. reading time\" \/>\n\t<meta name=\"twitter:data1\" content=\"3 minutes\" \/>\n<script type=\"application\/ld+json\" class=\"yoast-schema-graph\">{\"@context\":\"https:\/\/schema.org\",\"@graph\":[{\"@type\":\"WebPage\",\"@id\":\"https:\/\/demo.cmd.cd\/assurances\/assurances-internationales\/\",\"url\":\"https:\/\/demo.cmd.cd\/assurances\/assurances-internationales\/\",\"name\":\"Assurances internationales - Centre M\u00e9dical Diamant\",\"isPartOf\":{\"@id\":\"https:\/\/demo.cmd.cd\/#website\"},\"primaryImageOfPage\":{\"@id\":\"https:\/\/demo.cmd.cd\/assurances\/assurances-internationales\/#primaryimage\"},\"image\":{\"@id\":\"https:\/\/demo.cmd.cd\/assurances\/assurances-internationales\/#primaryimage\"},\"thumbnailUrl\":\"https:\/\/demo.cmd.cd\/wp-content\/uploads\/2024\/06\/career-bg-1.jpg\",\"datePublished\":\"2024-09-16T12:30:34+00:00\",\"dateModified\":\"2025-03-14T17:42:08+00:00\",\"breadcrumb\":{\"@id\":\"https:\/\/demo.cmd.cd\/assurances\/assurances-internationales\/#breadcrumb\"},\"inLanguage\":\"en-US\",\"potentialAction\":[{\"@type\":\"ReadAction\",\"target\":[\"https:\/\/demo.cmd.cd\/assurances\/assurances-internationales\/\"]}]},{\"@type\":\"ImageObject\",\"inLanguage\":\"en-US\",\"@id\":\"https:\/\/demo.cmd.cd\/assurances\/assurances-internationales\/#primaryimage\",\"url\":\"https:\/\/demo.cmd.cd\/wp-content\/uploads\/2024\/06\/career-bg-1.jpg\",\"contentUrl\":\"https:\/\/demo.cmd.cd\/wp-content\/uploads\/2024\/06\/career-bg-1.jpg\",\"width\":1349,\"height\":450},{\"@type\":\"BreadcrumbList\",\"@id\":\"https:\/\/demo.cmd.cd\/assurances\/assurances-internationales\/#breadcrumb\",\"itemListElement\":[{\"@type\":\"ListItem\",\"position\":1,\"name\":\"Home\",\"item\":\"https:\/\/demo.cmd.cd\/\"},{\"@type\":\"ListItem\",\"position\":2,\"name\":\"Assurances\",\"item\":\"https:\/\/demo.cmd.cd\/assurances\/\"},{\"@type\":\"ListItem\",\"position\":3,\"name\":\"Assurances internationales\"}]},{\"@type\":\"WebSite\",\"@id\":\"https:\/\/demo.cmd.cd\/#website\",\"url\":\"https:\/\/demo.cmd.cd\/\",\"name\":\"Centre M\u00e9dical Diamant\",\"description\":\"Votre sant\u00e9 , notre priorit\u00e9\",\"publisher\":{\"@id\":\"https:\/\/demo.cmd.cd\/#organization\"},\"potentialAction\":[{\"@type\":\"SearchAction\",\"target\":{\"@type\":\"EntryPoint\",\"urlTemplate\":\"https:\/\/demo.cmd.cd\/?s={search_term_string}\"},\"query-input\":{\"@type\":\"PropertyValueSpecification\",\"valueRequired\":true,\"valueName\":\"search_term_string\"}}],\"inLanguage\":\"en-US\"},{\"@type\":\"Organization\",\"@id\":\"https:\/\/demo.cmd.cd\/#organization\",\"name\":\"Centre M\u00e9dical Diamant\",\"url\":\"https:\/\/demo.cmd.cd\/\",\"logo\":{\"@type\":\"ImageObject\",\"inLanguage\":\"en-US\",\"@id\":\"https:\/\/demo.cmd.cd\/#\/schema\/logo\/image\/\",\"url\":\"https:\/\/demo.cmd.cd\/wp-content\/uploads\/2024\/01\/logo-hight-CMD-scaled.jpg\",\"contentUrl\":\"https:\/\/demo.cmd.cd\/wp-content\/uploads\/2024\/01\/logo-hight-CMD-scaled.jpg\",\"width\":2560,\"height\":1811,\"caption\":\"Centre M\u00e9dical Diamant\"},\"image\":{\"@id\":\"https:\/\/demo.cmd.cd\/#\/schema\/logo\/image\/\"}}]}<\/script>\n<!-- \/ Yoast SEO plugin. -->","yoast_head_json":{"title":"Assurances internationales - Centre M\u00e9dical Diamant","robots":{"index":"index","follow":"follow","max-snippet":"max-snippet:-1","max-image-preview":"max-image-preview:large","max-video-preview":"max-video-preview:-1"},"canonical":"https:\/\/demo.cmd.cd\/en\/assurances\/assurances-internationales\/","og_locale":"en_US","og_type":"article","og_title":"Assurances internationales - Centre M\u00e9dical Diamant","og_description":"Assurances internationales Africa First Assist Allianz Atlas Life Bupa Cigna GMC healix MSH Our Health","og_url":"https:\/\/demo.cmd.cd\/en\/assurances\/assurances-internationales\/","og_site_name":"Centre M\u00e9dical Diamant","article_modified_time":"2025-03-14T17:42:08+00:00","og_image":[{"width":1349,"height":450,"url":"https:\/\/demo.cmd.cd\/wp-content\/uploads\/2024\/06\/career-bg-1.jpg","type":"image\/jpeg"}],"twitter_card":"summary_large_image","twitter_misc":{"Est. reading time":"3 minutes"},"schema":{"@context":"https:\/\/schema.org","@graph":[{"@type":"WebPage","@id":"https:\/\/demo.cmd.cd\/assurances\/assurances-internationales\/","url":"https:\/\/demo.cmd.cd\/assurances\/assurances-internationales\/","name":"Assurances internationales - Centre M\u00e9dical Diamant","isPartOf":{"@id":"https:\/\/demo.cmd.cd\/#website"},"primaryImageOfPage":{"@id":"https:\/\/demo.cmd.cd\/assurances\/assurances-internationales\/#primaryimage"},"image":{"@id":"https:\/\/demo.cmd.cd\/assurances\/assurances-internationales\/#primaryimage"},"thumbnailUrl":"https:\/\/demo.cmd.cd\/wp-content\/uploads\/2024\/06\/career-bg-1.jpg","datePublished":"2024-09-16T12:30:34+00:00","dateModified":"2025-03-14T17:42:08+00:00","breadcrumb":{"@id":"https:\/\/demo.cmd.cd\/assurances\/assurances-internationales\/#breadcrumb"},"inLanguage":"en-US","potentialAction":[{"@type":"ReadAction","target":["https:\/\/demo.cmd.cd\/assurances\/assurances-internationales\/"]}]},{"@type":"ImageObject","inLanguage":"en-US","@id":"https:\/\/demo.cmd.cd\/assurances\/assurances-internationales\/#primaryimage","url":"https:\/\/demo.cmd.cd\/wp-content\/uploads\/2024\/06\/career-bg-1.jpg","contentUrl":"https:\/\/demo.cmd.cd\/wp-content\/uploads\/2024\/06\/career-bg-1.jpg","width":1349,"height":450},{"@type":"BreadcrumbList","@id":"https:\/\/demo.cmd.cd\/assurances\/assurances-internationales\/#breadcrumb","itemListElement":[{"@type":"ListItem","position":1,"name":"Home","item":"https:\/\/demo.cmd.cd\/"},{"@type":"ListItem","position":2,"name":"Assurances","item":"https:\/\/demo.cmd.cd\/assurances\/"},{"@type":"ListItem","position":3,"name":"Assurances internationales"}]},{"@type":"WebSite","@id":"https:\/\/demo.cmd.cd\/#website","url":"https:\/\/demo.cmd.cd\/","name":"Centre M\u00e9dical Diamant","description":"Votre sant\u00e9 , notre priorit\u00e9","publisher":{"@id":"https:\/\/demo.cmd.cd\/#organization"},"potentialAction":[{"@type":"SearchAction","target":{"@type":"EntryPoint","urlTemplate":"https:\/\/demo.cmd.cd\/?s={search_term_string}"},"query-input":{"@type":"PropertyValueSpecification","valueRequired":true,"valueName":"search_term_string"}}],"inLanguage":"en-US"},{"@type":"Organization","@id":"https:\/\/demo.cmd.cd\/#organization","name":"Centre M\u00e9dical Diamant","url":"https:\/\/demo.cmd.cd\/","logo":{"@type":"ImageObject","inLanguage":"en-US","@id":"https:\/\/demo.cmd.cd\/#\/schema\/logo\/image\/","url":"https:\/\/demo.cmd.cd\/wp-content\/uploads\/2024\/01\/logo-hight-CMD-scaled.jpg","contentUrl":"https:\/\/demo.cmd.cd\/wp-content\/uploads\/2024\/01\/logo-hight-CMD-scaled.jpg","width":2560,"height":1811,"caption":"Centre M\u00e9dical Diamant"},"image":{"@id":"https:\/\/demo.cmd.cd\/#\/schema\/logo\/image\/"}}]}},"_links":{"self":[{"href":"https:\/\/demo.cmd.cd\/en\/wp-json\/wp\/v2\/pages\/826","targetHints":{"allow":["GET"]}}],"collection":[{"href":"https:\/\/demo.cmd.cd\/en\/wp-json\/wp\/v2\/pages"}],"about":[{"href":"https:\/\/demo.cmd.cd\/en\/wp-json\/wp\/v2\/types\/page"}],"author":[{"embeddable":true,"href":"https:\/\/demo.cmd.cd\/en\/wp-json\/wp\/v2\/users\/1"}],"replies":[{"embeddable":true,"href":"https:\/\/demo.cmd.cd\/en\/wp-json\/wp\/v2\/comments?post=826"}],"version-history":[{"count":14,"href":"https:\/\/demo.cmd.cd\/en\/wp-json\/wp\/v2\/pages\/826\/revisions"}],"predecessor-version":[{"id":882,"href":"https:\/\/demo.cmd.cd\/en\/wp-json\/wp\/v2\/pages\/826\/revisions\/882"}],"up":[{"embeddable":true,"href":"https:\/\/demo.cmd.cd\/en\/wp-json\/wp\/v2\/pages\/818"}],"wp:featuredmedia":[{"embeddable":true,"href":"https:\/\/demo.cmd.cd\/en\/wp-json\/wp\/v2\/media\/338"}],"wp:attachment":[{"href":"https:\/\/demo.cmd.cd\/en\/wp-json\/wp\/v2\/media?parent=826"}],"curies":[{"name":"wp","href":"https:\/\/api.w.org\/{rel}","templated":true}]}}